{"id":694,"date":"2025-02-11T09:14:53","date_gmt":"2025-02-11T09:14:53","guid":{"rendered":"https:\/\/museosantifurnari.wt-tech.it\/discovering-abakainon\/"},"modified":"2025-02-18T12:17:14","modified_gmt":"2025-02-18T12:17:14","slug":"discovering-abakainon","status":"publish","type":"page","link":"https:\/\/museosantifurnari-tripi-abakainon.it\/es\/discovering-abakainon\/","title":{"rendered":"DISCOVERING ABAKAINON"},"content":{"rendered":"<p>[et_pb_section fb_built=\u00bb1&#8243; custom_padding_last_edited=\u00bbon|phone\u00bb module_class=\u00bbhero-blk other\u00bb _builder_version=\u00bb4.27.4&#8243; _module_preset=\u00bbdefault\u00bb background_image=\u00bbhttps:\/\/museosantifurnari-tripi-abakainon.it\/wp-content\/uploads\/2025\/02\/Mask-group-2-1.jpg\u00bb max_width=\u00bb1800px\u00bb custom_margin=\u00bb|auto||auto|false|false\u00bb custom_padding=\u00bb180px||180px||false|false\u00bb custom_padding_tablet=\u00bb100px|0px|100px|0px|false|false\u00bb custom_padding_phone=\u00bb50px||50px||false|false\u00bb global_colors_info=\u00bb{}\u00bb][et_pb_row _builder_version=\u00bb4.27.4&#8243; _module_preset=\u00bbdefault\u00bb width=\u00bb100%\u00bb max_width=\u00bb1274px\u00bb custom_margin=\u00bb|auto||auto|false|false\u00bb custom_padding=\u00bb|20px||20px|false|false\u00bb global_colors_info=\u00bb{}\u00bb][et_pb_column type=\u00bb4_4&#8243; _builder_version=\u00bb4.27.4&#8243; _module_preset=\u00bbdefault\u00bb global_colors_info=\u00bb{}\u00bb][et_pb_heading title=\u00bbDESCUBRIENDO ABAKAINON\u00bb _builder_version=\u00bb4.27.4&#8243; _module_preset=\u00bbdefault\u00bb title_font=\u00bbPoppins|700|||||||\u00bb title_text_align=\u00bbcenter\u00bb title_text_color=\u00bb#FFFFFF\u00bb title_font_size=\u00bb70px\u00bb width=\u00bb100%\u00bb width_tablet=\u00bb100%\u00bb width_phone=\u00bb100%\u00bb width_last_edited=\u00bbon|phone\u00bb max_width=\u00bb100%\u00bb custom_margin=\u00bb-10px||-10px||true|false\u00bb custom_padding=\u00bb|0px||||\u00bb hover_enabled=\u00bb0&#8243; title_font_size_tablet=\u00bb50px\u00bb title_font_size_phone=\u00bb32px\u00bb title_font_size_last_edited=\u00bbon|tablet\u00bb global_colors_info=\u00bb{}\u00bb sticky_enabled=\u00bb0&#8243;][\/et_pb_heading][\/et_pb_column][\/et_pb_row][\/et_pb_section][et_pb_section fb_built=\u00bb1&#8243; custom_padding_last_edited=\u00bbon|tablet\u00bb _builder_version=\u00bb4.27.4&#8243; _module_preset=\u00bbdefault\u00bb max_width=\u00bb1800px\u00bb custom_margin=\u00bb|auto||auto|false|false\u00bb custom_padding=\u00bb70px|20px|70px|20px|false|false\u00bb custom_padding_tablet=\u00bb60px|20px|60px|20px|false|false\u00bb custom_padding_phone=\u00bb50px||50px||false|false\u00bb global_colors_info=\u00bb{}\u00bb][et_pb_row column_structure=\u00bb1_2,1_2&#8243; module_class=\u00bbalign-center\u00bb _builder_version=\u00bb4.27.4&#8243; _module_preset=\u00bbdefault\u00bb width=\u00bb100%\u00bb max_width=\u00bb1320px\u00bb custom_margin=\u00bb|auto|70px|auto|false|false\u00bb custom_margin_tablet=\u00bb|auto|70px|auto|false|false\u00bb custom_margin_phone=\u00bb|auto|40px|auto|false|false\u00bb custom_margin_last_edited=\u00bbon|phone\u00bb custom_padding=\u00bb0px||0px||false|false\u00bb global_colors_info=\u00bb{}\u00bb][et_pb_column type=\u00bb1_2&#8243; _builder_version=\u00bb4.27.4&#8243; _module_preset=\u00bbdefault\u00bb global_colors_info=\u00bb{}\u00bb][et_pb_image src=\u00bbhttps:\/\/museosantifurnari-tripi-abakainon.it\/wp-content\/uploads\/2025\/02\/01-1.jpg\u00bb title_text=\u00bb01 (1)\u00bb force_fullwidth=\u00bbon\u00bb src_tablet=\u00bbhttps:\/\/museosantifurnari-tripi-abakainon.it\/wp-content\/uploads\/2025\/02\/MG_0810-3.jpg\u00bb src_phone=\u00bbhttps:\/\/museosantifurnari-tripi-abakainon.it\/wp-content\/uploads\/2025\/02\/MG_0810-3.jpg\u00bb src_last_edited=\u00bbon|phone\u00bb _builder_version=\u00bb4.27.4&#8243; _module_preset=\u00bbdefault\u00bb width_tablet=\u00bb\u00bb width_phone=\u00bb100%\u00bb width_last_edited=\u00bbon|phone\u00bb max_width_tablet=\u00bb\u00bb max_width_phone=\u00bb100%\u00bb max_width_last_edited=\u00bbon|phone\u00bb height=\u00bb519px\u00bb height_tablet=\u00bb600px\u00bb height_phone=\u00bb\u00bb height_last_edited=\u00bbon|desktop\u00bb custom_margin=\u00bb||0px||false|false\u00bb custom_padding=\u00bb|0px|||false|false\u00bb custom_padding_tablet=\u00bb|0px|||false|false\u00bb custom_padding_phone=\u00bb|0px|||false|false\u00bb custom_padding_last_edited=\u00bbon|phone\u00bb global_colors_info=\u00bb{}\u00bb][\/et_pb_image][\/et_pb_column][et_pb_column type=\u00bb1_2&#8243; _builder_version=\u00bb4.27.4&#8243; _module_preset=\u00bbdefault\u00bb global_colors_info=\u00bb{}\u00bb][et_pb_heading title=\u00bbDESCUBRIENDO ABAKAINON\u00bb _builder_version=\u00bb4.27.4&#8243; _module_preset=\u00bbdefault\u00bb title_level=\u00bbh2&#8243; title_font=\u00bbPoppins|600|||||||\u00bb title_text_color=\u00bb#2b2b2b\u00bb title_font_size=\u00bb50px\u00bb width=\u00bb100%\u00bb width_tablet=\u00bb100%\u00bb width_phone=\u00bb100%\u00bb width_last_edited=\u00bbon|phone\u00bb max_width_tablet=\u00bb\u00bb max_width_phone=\u00bb100%\u00bb max_width_last_edited=\u00bbon|phone\u00bb custom_margin=\u00bb0px||20px||false|false\u00bb custom_padding=\u00bb|0px||||\u00bb hover_enabled=\u00bb0&#8243; title_text_align_tablet=\u00bbcenter\u00bb title_text_align_phone=\u00bbcenter\u00bb title_text_align_last_edited=\u00bbon|tablet\u00bb title_font_size_tablet=\u00bb35px\u00bb title_font_size_phone=\u00bb32px\u00bb title_font_size_last_edited=\u00bbon|phone\u00bb global_colors_info=\u00bb{}\u00bb sticky_enabled=\u00bb0&#8243;][\/et_pb_heading][et_pb_text _builder_version=\u00bb4.27.4&#8243; _module_preset=\u00bbdefault\u00bb text_font=\u00bb|300|||||||\u00bb text_text_color=\u00bb#2b2b2b\u00bb text_font_size=\u00bb26px\u00bb text_line_height=\u00bb1.3em\u00bb background_layout=\u00bbdark\u00bb width=\u00bb100%\u00bb module_alignment=\u00bbleft\u00bb custom_margin=\u00bb0px|auto|0px|0px|false|false\u00bb custom_padding=\u00bb|34px||||\u00bb custom_padding_tablet=\u00bb|0px|||false|false\u00bb custom_padding_phone=\u00bb|0px|||false|false\u00bb custom_padding_last_edited=\u00bbon|phone\u00bb hover_enabled=\u00bb0&#8243; text_font_size_tablet=\u00bb22px\u00bb text_font_size_phone=\u00bb20px\u00bb text_font_size_last_edited=\u00bbon|phone\u00bb text_orientation_tablet=\u00bbcenter\u00bb text_orientation_phone=\u00bbcenter\u00bb text_orientation_last_edited=\u00bbon|tablet\u00bb global_colors_info=\u00bb{}\u00bb sticky_enabled=\u00bb0&#8243;]<\/p>\n<p>Enclavado entre los <strong>r\u00edos Tellarita y Mazzarr\u00e0<\/strong>, en la cresta nororiental de las primeras estribaciones de los <strong>montes Nebrodi <\/strong>que dominan la costa entre <strong>Milazzo y Tindari<\/strong>, se encuentra el <strong>antiguo asentamiento de Abakainon<\/strong>, hoy parte del territorio de<strong>\u00a0Tripi<\/strong>.<\/p>\n<p>La historia de Tripi est\u00e1 profundamente ligada a Abakainon, la antigua ciudad siciliana cuyos or\u00edgenes se remontan al <strong>Neol\u00edtico stentinelliense<\/strong>\u00a0(6800-6400 a.C.), como demuestran los hallazgos arqueol\u00f3gicos encontrados en la zona. Esta <strong>presencia humana ininterrumpida <\/strong>contin\u00faa en el <strong>per\u00edodo protohist\u00f3rico<\/strong>, cuando la regi\u00f3n fue habitada por los <strong>siculos<\/strong>, que fundaron aqu\u00ed el <strong>primer n\u00facleo de poblaci\u00f3n<\/strong>, sentando las bases para el futuro desarrollo de la ciudad.<\/p>\n<p>[\/et_pb_text][\/et_pb_column][\/et_pb_row][et_pb_row custom_padding_last_edited=\u00bbon|tablet\u00bb _builder_version=\u00bb4.27.4&#8243; _module_preset=\u00bbdefault\u00bb width=\u00bb100%\u00bb max_width=\u00bb1320px\u00bb custom_margin=\u00bb0px|auto||auto|false|false\u00bb custom_padding=\u00bb0px||60px||false|false\u00bb custom_padding_tablet=\u00bb0px||40px||false|false\u00bb custom_padding_phone=\u00bb0px||40px||false|false\u00bb global_colors_info=\u00bb{}\u00bb][et_pb_column type=\u00bb4_4&#8243; _builder_version=\u00bb4.27.4&#8243; _module_preset=\u00bbdefault\u00bb global_colors_info=\u00bb{}\u00bb][et_pb_text _builder_version=\u00bb4.27.4&#8243; _module_preset=\u00bbdefault\u00bb text_font=\u00bb|600|||||||\u00bb text_text_color=\u00bb#0075bd\u00bb text_font_size=\u00bb35px\u00bb text_line_height=\u00bb1.3em\u00bb background_layout=\u00bbdark\u00bb width=\u00bb100%\u00bb module_alignment=\u00bbleft\u00bb custom_margin=\u00bb0px|auto|30px|0px|false|false\u00bb hover_enabled=\u00bb0&#8243; text_font_size_tablet=\u00bb22px\u00bb text_font_size_phone=\u00bb20px\u00bb text_font_size_last_edited=\u00bbon|phone\u00bb text_orientation_tablet=\u00bbcenter\u00bb text_orientation_phone=\u00bbcenter\u00bb text_orientation_last_edited=\u00bbon|tablet\u00bb global_colors_info=\u00bb{}\u00bb sticky_enabled=\u00bb0&#8243;]<\/p>\n<p>Aunque fuentes hist\u00f3ricas ya en<strong>\u00a01558<\/strong>\u00a0atestiguan la presencia de una <strong>gran ciudad<\/strong>\u00a0en este territorio<\/p>\n<p>[\/et_pb_text][et_pb_text _builder_version=\u00bb4.27.4&#8243; _module_preset=\u00bbdefault\u00bb text_font=\u00bb|300|||||||\u00bb text_text_color=\u00bb#2b2b2b\u00bb text_font_size=\u00bb26px\u00bb text_line_height=\u00bb1.3em\u00bb background_layout=\u00bbdark\u00bb width=\u00bb100%\u00bb module_alignment=\u00bbleft\u00bb custom_margin=\u00bb0px|auto|0px|0px|false|false\u00bb hover_enabled=\u00bb0&#8243; text_font_size_tablet=\u00bb22px\u00bb text_font_size_phone=\u00bb20px\u00bb text_font_size_last_edited=\u00bbon|phone\u00bb text_orientation_tablet=\u00bbcenter\u00bb text_orientation_phone=\u00bbcenter\u00bb text_orientation_last_edited=\u00bbon|tablet\u00bb global_colors_info=\u00bb{}\u00bb sticky_enabled=\u00bb0&#8243;]<\/p>\n<p><strong>la identificaci\u00f3n de Tripi con Abakainon<\/strong>, mencionada por Diodoro S\u00edculo, f<strong>ue propuesta por Bonfiglio en 1604<\/strong>, confirm\u00e1ndose posteriormente en <strong>1886<\/strong>\u00a0con el descubrimiento de monedas con la <strong>leyenda \u00abAbakainon\u00bb por Salinas<\/strong>.<\/p>\n<p><strong>Desde el siglo VI a.C., Abakainon experiment\u00f3 un desarrollo significativo<\/strong>\u00a0gracias a su posici\u00f3n estrat\u00e9gica a lo largo de una importante ruta costera y a la vocaci\u00f3n agr\u00edcola y pastoril de la poblaci\u00f3n aut\u00f3ctona.<\/p>\n<p>[\/et_pb_text][\/et_pb_column][\/et_pb_row][et_pb_row column_structure=\u00bb1_2,1_2&#8243; module_class=\u00bbalign-center\u00bb _builder_version=\u00bb4.27.4&#8243; _module_preset=\u00bbdefault\u00bb width=\u00bb100%\u00bb max_width=\u00bb1320px\u00bb custom_margin=\u00bb0px||0px||false|false\u00bb custom_padding=\u00bb0px||0px||false|false\u00bb global_colors_info=\u00bb{}\u00bb][et_pb_column type=\u00bb1_2&#8243; _builder_version=\u00bb4.27.4&#8243; _module_preset=\u00bbdefault\u00bb global_colors_info=\u00bb{}\u00bb][et_pb_text _builder_version=\u00bb4.27.4&#8243; _module_preset=\u00bbdefault\u00bb text_font=\u00bb|300|||||||\u00bb text_text_color=\u00bb#2b2b2b\u00bb text_font_size=\u00bb26px\u00bb text_line_height=\u00bb1.3em\u00bb background_layout=\u00bbdark\u00bb width=\u00bb100%\u00bb module_alignment=\u00bbleft\u00bb custom_margin=\u00bb0px|auto|0px|0px|false|false\u00bb custom_padding=\u00bb|45px|||false|false\u00bb custom_padding_tablet=\u00bb|0px|||false|false\u00bb custom_padding_phone=\u00bb|0px|||false|false\u00bb custom_padding_last_edited=\u00bbon|phone\u00bb hover_enabled=\u00bb0&#8243; text_font_size_tablet=\u00bb22px\u00bb text_font_size_phone=\u00bb20px\u00bb text_font_size_last_edited=\u00bbon|phone\u00bb text_orientation_tablet=\u00bbcenter\u00bb text_orientation_phone=\u00bbcenter\u00bb text_orientation_last_edited=\u00bbon|tablet\u00bb global_colors_info=\u00bb{}\u00bb sticky_enabled=\u00bb0&#8243;]<\/p>\n<p>Si bien las fuentes hist\u00f3ricas no mencionan expl\u00edcitamente Abakainon en el contexto de la <strong>revuelta sicula dirigida por Ducecio (461 a.C.)<\/strong>, la acu\u00f1aci\u00f3n de monedas de plata sugiere una posible participaci\u00f3n en su coalici\u00f3n militar.<\/p>\n<p><strong>El siglo IV a.C. ve a Abakainon involucrada en los acontecimientos relacionados con Dionisio I de Siracusa:<\/strong>\u00a0en 396 a.C., el tirano siracusano le arrebat\u00f3 parte de su territorio. \u00a0Ali\u00e1ndose con los <strong>cartagineses bajo el mando de Mag\u00f3n en 393 a.C<\/strong>., la ciudad sufri\u00f3 una derrota que la someti\u00f3 al <strong>duro dominio siracusano<\/strong>. Posteriormente, Agatocles hizo ejecutar all\u00ed a cuarenta opositores pol\u00edticos.<\/p>\n<p><strong>Ocupada por los romanos en 262 a.C. y renombrada Abacaenum<\/strong>, Abakainon prest\u00f3 ayuda a ambos bandos durante la <strong>guerra civil<\/strong>\u00a0entre<strong>\u00a0Octavio y Sexto Pompeyo<\/strong>, sufriendo posteriormente un castigo que <strong>llev\u00f3 a su destrucci\u00f3n.<\/strong>\u00a0Despu\u00e9s de un per\u00edodo de declive, la ciudad parece <strong>haber florecido de nuevo en la Edad Medi<\/strong>a.<\/p>\n<p>[\/et_pb_text][\/et_pb_column][et_pb_column type=\u00bb1_2&#8243; _builder_version=\u00bb4.27.4&#8243; _module_preset=\u00bbdefault\u00bb global_colors_info=\u00bb{}\u00bb][et_pb_image src=\u00bbhttps:\/\/museosantifurnari-tripi-abakainon.it\/wp-content\/uploads\/2025\/02\/MG_0810-5.jpg\u00bb title_text=\u00bb_MG_0810 5&#8243; force_fullwidth=\u00bbon\u00bb _builder_version=\u00bb4.27.4&#8243; _module_preset=\u00bbdefault\u00bb height=\u00bb690px\u00bb global_colors_info=\u00bb{}\u00bb][\/et_pb_image][\/et_pb_column][\/et_pb_row][et_pb_row custom_padding_last_edited=\u00bbon|tablet\u00bb _builder_version=\u00bb4.27.4&#8243; _module_preset=\u00bbdefault\u00bb width=\u00bb100%\u00bb max_width=\u00bb1320px\u00bb custom_margin=\u00bb0px|auto||auto|false|false\u00bb custom_padding=\u00bb70px||0px||false|false\u00bb custom_padding_tablet=\u00bb50px||0px||false|false\u00bb custom_padding_phone=\u00bb50px||0px||false|false\u00bb global_colors_info=\u00bb{}\u00bb][et_pb_column type=\u00bb4_4&#8243; _builder_version=\u00bb4.27.4&#8243; _module_preset=\u00bbdefault\u00bb global_colors_info=\u00bb{}\u00bb][et_pb_heading title=\u00bbEN RESUMEN\u00bb _builder_version=\u00bb4.27.4&#8243; _module_preset=\u00bbdefault\u00bb title_level=\u00bbh2&#8243; title_font=\u00bb|600|||||||\u00bb title_text_align=\u00bbcenter\u00bb title_text_color=\u00bb#2b2b2b\u00bb title_font_size=\u00bb50px\u00bb width=\u00bb100%\u00bb width_tablet=\u00bb100%\u00bb width_phone=\u00bb100%\u00bb width_last_edited=\u00bbon|phone\u00bb max_width_tablet=\u00bb\u00bb max_width_phone=\u00bb100%\u00bb max_width_last_edited=\u00bbon|phone\u00bb custom_margin=\u00bb0px||11px||false|false\u00bb custom_padding=\u00bb|0px|0px|||\u00bb hover_enabled=\u00bb0&#8243; title_text_align_tablet=\u00bbcenter\u00bb title_text_align_phone=\u00bbcenter\u00bb title_text_align_last_edited=\u00bbon|tablet\u00bb title_font_size_tablet=\u00bb35px\u00bb title_font_size_phone=\u00bb32px\u00bb title_font_size_last_edited=\u00bbon|phone\u00bb global_colors_info=\u00bb{}\u00bb custom_margin__hover_enabled=\u00bboff|desktop\u00bb sticky_enabled=\u00bb0&#8243;][\/et_pb_heading][et_pb_text _builder_version=\u00bb4.27.4&#8243; _module_preset=\u00bbdefault\u00bb text_font=\u00bb|300|||||||\u00bb text_text_color=\u00bb#2b2b2b\u00bb text_font_size=\u00bb26px\u00bb text_line_height=\u00bb1.3em\u00bb text_orientation=\u00bbcenter\u00bb background_layout=\u00bbdark\u00bb width=\u00bb100%\u00bb module_alignment=\u00bbleft\u00bb custom_margin=\u00bb0px|auto|0px|0px|false|false\u00bb hover_enabled=\u00bb0&#8243; text_font_size_tablet=\u00bb22px\u00bb text_font_size_phone=\u00bb20px\u00bb text_font_size_last_edited=\u00bbon|phone\u00bb text_orientation_tablet=\u00bbcenter\u00bb text_orientation_phone=\u00bbcenter\u00bb text_orientation_last_edited=\u00bbon|tablet\u00bb global_colors_info=\u00bb{}\u00bb sticky_enabled=\u00bb0&#8243;]<\/p>\n<p>Abakainon-Tripi representa un yacimiento de excepcional valor hist\u00f3rico, testimoniando una presencia humana ininterrumpida desde la \u00e9poca neol\u00edtica hasta la romana, con un papel significativo en la historia pol\u00edtica y militar de la Sicilia antigua. Sus ruinas, presentes en el territorio de Tripi, guardan a\u00fan hoy los secretos de un pasado rico y fascinante que no deja de sorprender.<\/p>\n<p>[\/et_pb_text][\/et_pb_column][\/et_pb_row][\/et_pb_section]<\/p>\n","protected":false},"excerpt":{"rendered":"<p>Enclavado entre los r\u00edos Tellarita y Mazzarr\u00e0, en la cresta nororiental de las primeras estribaciones de los montes Nebrodi que dominan la costa entre Milazzo y Tindari, se encuentra el antiguo asentamiento de Abakainon, hoy parte del territorio de\u00a0Tripi. La historia de Tripi est\u00e1 profundamente ligada a Abakainon, la antigua ciudad siciliana cuyos or\u00edgenes se [&hellip;]<\/p>\n","protected":false},"author":1,"featured_media":0,"parent":0,"menu_order":0,"comment_status":"closed","ping_status":"closed","template":"","meta":{"_et_pb_use_builder":"on","_et_pb_old_content":"","_et_gb_content_width":"","inline_featured_image":false,"footnotes":""},"class_list":["post-694","page","type-page","status-publish","hentry"],"_links":{"self":[{"href":"https:\/\/museosantifurnari-tripi-abakainon.it\/es\/wp-json\/wp\/v2\/pages\/694","targetHints":{"allow":["GET"]}}],"collection":[{"href":"https:\/\/museosantifurnari-tripi-abakainon.it\/es\/wp-json\/wp\/v2\/pages"}],"about":[{"href":"https:\/\/museosantifurnari-tripi-abakainon.it\/es\/wp-json\/wp\/v2\/types\/page"}],"author":[{"embeddable":true,"href":"https:\/\/museosantifurnari-tripi-abakainon.it\/es\/wp-json\/wp\/v2\/users\/1"}],"replies":[{"embeddable":true,"href":"https:\/\/museosantifurnari-tripi-abakainon.it\/es\/wp-json\/wp\/v2\/comments?post=694"}],"version-history":[{"count":3,"href":"https:\/\/museosantifurnari-tripi-abakainon.it\/es\/wp-json\/wp\/v2\/pages\/694\/revisions"}],"predecessor-version":[{"id":745,"href":"https:\/\/museosantifurnari-tripi-abakainon.it\/es\/wp-json\/wp\/v2\/pages\/694\/revisions\/745"}],"wp:attachment":[{"href":"https:\/\/museosantifurnari-tripi-abakainon.it\/es\/wp-json\/wp\/v2\/media?parent=694"}],"curies":[{"name":"wp","href":"https:\/\/api.w.org\/{rel}","templated":true}]}}