{"id":649,"date":"2025-02-11T09:57:38","date_gmt":"2025-02-11T09:57:38","guid":{"rendered":"https:\/\/museosantifurnari.wt-tech.it\/tripi-santi-furnari-museum\/"},"modified":"2025-02-18T12:33:53","modified_gmt":"2025-02-18T12:33:53","slug":"tripi-santi-furnari-museum","status":"publish","type":"page","link":"https:\/\/museosantifurnari-tripi-abakainon.it\/es\/tripi-santi-furnari-museum\/","title":{"rendered":"Tripi Santi Furnari MUSEUM"},"content":{"rendered":"<p>[et_pb_section fb_built=\u00bb1&#8243; custom_padding_last_edited=\u00bbon|phone\u00bb module_class=\u00bbhero-blk other\u00bb _builder_version=\u00bb4.27.4&#8243; _module_preset=\u00bbdefault\u00bb background_image=\u00bbhttps:\/\/museosantifurnari-tripi-abakainon.it\/wp-content\/uploads\/2025\/02\/Mask-group-8.jpg\u00bb max_width=\u00bb1800px\u00bb custom_margin=\u00bb|auto||auto|false|false\u00bb custom_padding=\u00bb180px||180px||false|false\u00bb custom_padding_tablet=\u00bb100px|0px|100px|0px|false|false\u00bb custom_padding_phone=\u00bb50px||50px||false|false\u00bb global_colors_info=\u00bb{}\u00bb][et_pb_row _builder_version=\u00bb4.27.4&#8243; _module_preset=\u00bbdefault\u00bb width=\u00bb100%\u00bb max_width=\u00bb1274px\u00bb custom_margin=\u00bb|auto||auto|false|false\u00bb custom_padding=\u00bb|20px||20px|false|false\u00bb global_colors_info=\u00bb{}\u00bb][et_pb_column type=\u00bb4_4&#8243; _builder_version=\u00bb4.27.4&#8243; _module_preset=\u00bbdefault\u00bb global_colors_info=\u00bb{}\u00bb][et_pb_heading title=\u00bbTRIPI: MUSEO SANTI FURNARI\u00bb _builder_version=\u00bb4.27.4&#8243; _module_preset=\u00bbdefault\u00bb title_font=\u00bbPoppins|700|||||||\u00bb title_text_align=\u00bbcenter\u00bb title_text_color=\u00bb#FFFFFF\u00bb title_font_size=\u00bb70px\u00bb width=\u00bb100%\u00bb width_tablet=\u00bb100%\u00bb width_phone=\u00bb100%\u00bb width_last_edited=\u00bbon|phone\u00bb max_width=\u00bb100%\u00bb custom_margin=\u00bb-10px||-10px||true|false\u00bb custom_padding=\u00bb|0px||||\u00bb hover_enabled=\u00bb0&#8243; title_font_size_tablet=\u00bb50px\u00bb title_font_size_phone=\u00bb32px\u00bb title_font_size_last_edited=\u00bbon|tablet\u00bb global_colors_info=\u00bb{}\u00bb sticky_enabled=\u00bb0&#8243;][\/et_pb_heading][\/et_pb_column][\/et_pb_row][\/et_pb_section][et_pb_section fb_built=\u00bb1&#8243; custom_padding_last_edited=\u00bbon|tablet\u00bb _builder_version=\u00bb4.27.4&#8243; _module_preset=\u00bbdefault\u00bb max_width=\u00bb1800px\u00bb custom_margin=\u00bb|auto||auto|false|false\u00bb custom_padding=\u00bb70px|20px|70px|20px|false|false\u00bb custom_padding_tablet=\u00bb60px|20px|60px|20px|false|false\u00bb custom_padding_phone=\u00bb50px||50px||false|false\u00bb global_colors_info=\u00bb{}\u00bb][et_pb_row column_structure=\u00bb1_2,1_2&#8243; module_class=\u00bbalign-center\u00bb _builder_version=\u00bb4.27.4&#8243; _module_preset=\u00bbdefault\u00bb width=\u00bb100%\u00bb max_width=\u00bb1320px\u00bb custom_margin=\u00bb|auto|70px|auto|false|false\u00bb custom_margin_tablet=\u00bb|auto|70px|auto|false|false\u00bb custom_margin_phone=\u00bb||30px||false|false\u00bb custom_margin_last_edited=\u00bbon|phone\u00bb custom_padding=\u00bb0px||0px||false|false\u00bb global_colors_info=\u00bb{}\u00bb][et_pb_column type=\u00bb1_2&#8243; _builder_version=\u00bb4.27.4&#8243; _module_preset=\u00bbdefault\u00bb global_colors_info=\u00bb{}\u00bb][et_pb_image src=\u00bbhttps:\/\/museosantifurnari-tripi-abakainon.it\/wp-content\/uploads\/2025\/02\/01-1.jpg\u00bb title_text=\u00bb01 (1)\u00bb force_fullwidth=\u00bbon\u00bb src_tablet=\u00bbhttps:\/\/museosantifurnari-tripi-abakainon.it\/wp-content\/uploads\/2025\/02\/01-1.jpg\u00bb src_phone=\u00bbhttps:\/\/museosantifurnari-tripi-abakainon.it\/wp-content\/uploads\/2025\/02\/01-1.jpg\u00bb src_last_edited=\u00bbon|phone\u00bb _builder_version=\u00bb4.27.4&#8243; _module_preset=\u00bbdefault\u00bb width_tablet=\u00bb\u00bb width_phone=\u00bb100%\u00bb width_last_edited=\u00bbon|phone\u00bb max_width_tablet=\u00bb\u00bb max_width_phone=\u00bb100%\u00bb max_width_last_edited=\u00bbon|phone\u00bb height=\u00bb500px\u00bb height_tablet=\u00bb\u00bb height_phone=\u00bb\u00bb height_last_edited=\u00bbon|desktop\u00bb custom_margin=\u00bb||0px||false|false\u00bb custom_padding=\u00bb|0px|||false|false\u00bb custom_padding_tablet=\u00bb|0px|||false|false\u00bb custom_padding_phone=\u00bb|0px|||false|false\u00bb custom_padding_last_edited=\u00bbon|phone\u00bb global_colors_info=\u00bb{}\u00bb][\/et_pb_image][\/et_pb_column][et_pb_column type=\u00bb1_2&#8243; _builder_version=\u00bb4.27.4&#8243; _module_preset=\u00bbdefault\u00bb global_colors_info=\u00bb{}\u00bb][et_pb_heading title=\u00bbEl Museo Arqueol\u00f3gico Santi\u00bb _builder_version=\u00bb4.27.4&#8243; _module_preset=\u00bbdefault\u00bb title_level=\u00bbh2&#8243; title_font=\u00bbPoppins|600|||||||\u00bb title_text_color=\u00bb#2b2b2b\u00bb title_font_size=\u00bb50px\u00bb width=\u00bb88%\u00bb width_tablet=\u00bb100%\u00bb width_phone=\u00bb100%\u00bb width_last_edited=\u00bbon|phone\u00bb max_width_tablet=\u00bb\u00bb max_width_phone=\u00bb100%\u00bb max_width_last_edited=\u00bbon|phone\u00bb custom_margin=\u00bb0px||20px||false|false\u00bb custom_margin_tablet=\u00bb0px||20px||false|false\u00bb custom_margin_phone=\u00bb0px||0px||false|false\u00bb custom_margin_last_edited=\u00bbon|phone\u00bb custom_padding=\u00bb|0px||||\u00bb hover_enabled=\u00bb0&#8243; title_text_align_tablet=\u00bbcenter\u00bb title_text_align_phone=\u00bbcenter\u00bb title_text_align_last_edited=\u00bbon|tablet\u00bb title_font_size_tablet=\u00bb35px\u00bb title_font_size_phone=\u00bb28px\u00bb title_font_size_last_edited=\u00bbon|phone\u00bb global_colors_info=\u00bb{}\u00bb sticky_enabled=\u00bb0&#8243;][\/et_pb_heading][et_pb_text _builder_version=\u00bb4.27.4&#8243; _module_preset=\u00bbdefault\u00bb text_font=\u00bb|300|||||||\u00bb text_text_color=\u00bb#2b2b2b\u00bb text_font_size=\u00bb26px\u00bb text_line_height=\u00bb1.3em\u00bb background_layout=\u00bbdark\u00bb width=\u00bb100%\u00bb module_alignment=\u00bbleft\u00bb custom_margin=\u00bb0px|auto|0px|0px|false|false\u00bb custom_padding=\u00bb|44px||||\u00bb custom_padding_tablet=\u00bb|0px|||false|false\u00bb custom_padding_phone=\u00bb|0px|||false|false\u00bb custom_padding_last_edited=\u00bbon|desktop\u00bb hover_enabled=\u00bb0&#8243; text_font_size_tablet=\u00bb22px\u00bb text_font_size_phone=\u00bb20px\u00bb text_font_size_last_edited=\u00bbon|phone\u00bb text_orientation_tablet=\u00bbcenter\u00bb text_orientation_phone=\u00bbcenter\u00bb text_orientation_last_edited=\u00bbon|tablet\u00bb global_colors_info=\u00bb{}\u00bb sticky_enabled=\u00bb0&#8243;]<\/p>\n<p><strong>Furnari de Tripi<\/strong>, situado en este encantador pueblo de la <strong>Ciudad Metropolitana de Messina<\/strong>, abre el camino a un fascinante viaje a trav\u00e9s de los siglos.<\/p>\n<p><strong>Inaugurado en 2012 <\/strong>gracias a la generosa donaci\u00f3n <strong>de la familia Furnari<\/strong>, el museo se encuentra en un <strong>elegante palacio del siglo XIX en la Via Francesco Todaro, 152<\/strong>, ofreciendo una<strong>\u00a0experiencia cultural<\/strong> de alto nivel. El ambicioso objetivo del museo es promover internacionalmente el <strong>patrimonio arqueol\u00f3gico de Tripi y su historia milenaria<\/strong>.<\/p>\n<p>[\/et_pb_text][\/et_pb_column][\/et_pb_row][et_pb_row custom_padding_last_edited=\u00bbon|tablet\u00bb _builder_version=\u00bb4.27.4&#8243; _module_preset=\u00bbdefault\u00bb width=\u00bb100%\u00bb max_width=\u00bb1320px\u00bb custom_margin=\u00bb|auto||auto|false|false\u00bb custom_padding=\u00bb0px||60px||false|false\u00bb custom_padding_tablet=\u00bb0px||40px||false|false\u00bb custom_padding_phone=\u00bb0px||40px||false|false\u00bb global_colors_info=\u00bb{}\u00bb][et_pb_column type=\u00bb4_4&#8243; _builder_version=\u00bb4.27.4&#8243; _module_preset=\u00bbdefault\u00bb global_colors_info=\u00bb{}\u00bb][et_pb_text _builder_version=\u00bb4.27.4&#8243; _module_preset=\u00bbdefault\u00bb text_font=\u00bb|300|||||||\u00bb text_text_color=\u00bb#2b2b2b\u00bb text_font_size=\u00bb26px\u00bb text_line_height=\u00bb1.3em\u00bb text_orientation=\u00bbcenter\u00bb background_layout=\u00bbdark\u00bb width=\u00bb100%\u00bb module_alignment=\u00bbleft\u00bb custom_margin=\u00bb0px|auto|0px|0px|false|false\u00bb hover_enabled=\u00bb0&#8243; text_font_size_tablet=\u00bb22px\u00bb text_font_size_phone=\u00bb20px\u00bb text_font_size_last_edited=\u00bbon|phone\u00bb text_orientation_tablet=\u00bbcenter\u00bb text_orientation_phone=\u00bbcenter\u00bb text_orientation_last_edited=\u00bbon|tablet\u00bb global_colors_info=\u00bb{}\u00bb sticky_enabled=\u00bb0&#8243;]<\/p>\n<p>Adem\u00e1s de sus evocadoras<strong>\u00a0salas de exposiciones<\/strong>, el museo alberga un moderno <strong>Centro Multimedia<\/strong>, un espacio polifuncional dedicado a<strong>\u00a0exposiciones temporales, conferencias, encuentros y presentaciones <\/strong>que enriquecen la<strong>\u00a0oferta cultural<\/strong>\u00a0mediante eventos relacionados con la <strong>promoci\u00f3n del territorio<\/strong>\u00a0y la <strong>historia local.<\/strong><\/p>\n<p>[\/et_pb_text][\/et_pb_column][\/et_pb_row][et_pb_row column_structure=\u00bb1_3,1_3,1_3&#8243; custom_padding_last_edited=\u00bbon|phone\u00bb module_class=\u00bbimg-boxes\u00bb _builder_version=\u00bb4.27.4&#8243; _module_preset=\u00bbdefault\u00bb width=\u00bb100%\u00bb max_width=\u00bb1320px\u00bb custom_padding=\u00bb0px||70px||false|false\u00bb custom_padding_tablet=\u00bb0px||70px||false|false\u00bb custom_padding_phone=\u00bb0px||50px||false|false\u00bb global_colors_info=\u00bb{}\u00bb][et_pb_column type=\u00bb1_3&#8243; _builder_version=\u00bb4.27.4&#8243; _module_preset=\u00bbdefault\u00bb global_colors_info=\u00bb{}\u00bb][et_pb_image src=\u00bbhttps:\/\/museosantifurnari-tripi-abakainon.it\/wp-content\/uploads\/2025\/02\/MG_0810-2-2.jpg\u00bb title_text=\u00bb_MG_0810 2 (2)\u00bb _builder_version=\u00bb4.27.4&#8243; _module_preset=\u00bbdefault\u00bb width=\u00bb100%\u00bb custom_margin=\u00bb0px|0px|0px|0px|false|false\u00bb custom_padding=\u00bb0px|0px|0px|0px|false|false\u00bb global_colors_info=\u00bb{}\u00bb][\/et_pb_image][\/et_pb_column][et_pb_column type=\u00bb1_3&#8243; _builder_version=\u00bb4.27.4&#8243; _module_preset=\u00bbdefault\u00bb global_colors_info=\u00bb{}\u00bb][et_pb_image src=\u00bbhttps:\/\/museosantifurnari-tripi-abakainon.it\/wp-content\/uploads\/2025\/02\/MG_0810-3-2.jpg\u00bb title_text=\u00bb_MG_0810 3 (2)\u00bb _builder_version=\u00bb4.27.4&#8243; _module_preset=\u00bbdefault\u00bb width=\u00bb100%\u00bb custom_margin=\u00bb0px|0px|0px|0px|false|false\u00bb custom_padding=\u00bb0px|0px|0px|0px|false|false\u00bb global_colors_info=\u00bb{}\u00bb][\/et_pb_image][\/et_pb_column][et_pb_column type=\u00bb1_3&#8243; _builder_version=\u00bb4.27.4&#8243; _module_preset=\u00bbdefault\u00bb global_colors_info=\u00bb{}\u00bb][et_pb_image src=\u00bbhttps:\/\/museosantifurnari-tripi-abakainon.it\/wp-content\/uploads\/2025\/02\/MG_0810-4-1.jpg\u00bb title_text=\u00bb_MG_0810 4 (1)\u00bb _builder_version=\u00bb4.27.4&#8243; _module_preset=\u00bbdefault\u00bb width=\u00bb100%\u00bb custom_margin=\u00bb0px|0px|0px|0px|false|false\u00bb custom_padding=\u00bb0px|0px|0px|0px|false|false\u00bb global_colors_info=\u00bb{}\u00bb][\/et_pb_image][\/et_pb_column][\/et_pb_row][et_pb_row _builder_version=\u00bb4.27.4&#8243; _module_preset=\u00bbdefault\u00bb width=\u00bb100%\u00bb max_width=\u00bb1320px\u00bb custom_margin=\u00bb0px||0px||false|false\u00bb custom_padding=\u00bb0px||0px||false|false\u00bb global_colors_info=\u00bb{}\u00bb][et_pb_column type=\u00bb4_4&#8243; _builder_version=\u00bb4.27.4&#8243; _module_preset=\u00bbdefault\u00bb global_colors_info=\u00bb{}\u00bb][et_pb_text _builder_version=\u00bb4.27.4&#8243; _module_preset=\u00bbdefault\u00bb text_font=\u00bb|300|||||||\u00bb text_text_color=\u00bb#2b2b2b\u00bb text_font_size=\u00bb26px\u00bb text_line_height=\u00bb1.3em\u00bb background_layout=\u00bbdark\u00bb width=\u00bb100%\u00bb module_alignment=\u00bbleft\u00bb custom_margin=\u00bb0px|auto|0px|0px|false|false\u00bb custom_padding=\u00bb|0px|||false|false\u00bb hover_enabled=\u00bb0&#8243; text_font_size_tablet=\u00bb22px\u00bb text_font_size_phone=\u00bb20px\u00bb text_font_size_last_edited=\u00bbon|phone\u00bb text_orientation_tablet=\u00bbcenter\u00bb text_orientation_phone=\u00bbcenter\u00bb text_orientation_last_edited=\u00bbon|tablet\u00bb global_colors_info=\u00bb{}\u00bb sticky_enabled=\u00bb0&#8243;]<\/p>\n<p>El patrimonio del <strong>Museo Santi Furnari<\/strong>\u00a0consiste en una colecci\u00f3n cuidadosamente seleccionada de ajuares funerarios de la <strong>Necr\u00f3polis de Contrada Cardusa<\/strong>, un yacimiento arqueol\u00f3gico de extraordinaria importancia. Las m\u00e1s de<strong>\u00a0154 tumbas descubiertas <\/strong>han producido un <strong>tesoro de artefactos <\/strong>expuestos en<strong>\u00a0dos plantas del museo<\/strong>, presentados en <strong>vitrinas <\/strong>que destacan <strong>cer\u00e1micas <\/strong>exquisitamente elaboradas <strong>y trabajos de orfebrer\u00eda refinada.<\/strong><\/p>\n<p>[\/et_pb_text][\/et_pb_column][\/et_pb_row][et_pb_row column_structure=\u00bb1_2,1_2&#8243; module_class=\u00bbalign-center\u00bb _builder_version=\u00bb4.27.4&#8243; _module_preset=\u00bbdefault\u00bb width=\u00bb100%\u00bb max_width=\u00bb1320px\u00bb custom_margin=\u00bb70px|auto|70px|auto|false|false\u00bb custom_margin_tablet=\u00bb70px|auto|70px|auto|false|false\u00bb custom_margin_phone=\u00bb30px|auto|30px|auto|false|false\u00bb custom_margin_last_edited=\u00bbon|phone\u00bb custom_padding=\u00bb0px||0px||false|false\u00bb global_colors_info=\u00bb{}\u00bb][et_pb_column type=\u00bb1_2&#8243; _builder_version=\u00bb4.27.4&#8243; _module_preset=\u00bbdefault\u00bb global_colors_info=\u00bb{}\u00bb][et_pb_text _builder_version=\u00bb4.27.4&#8243; _module_preset=\u00bbdefault\u00bb text_font=\u00bb|300|||||||\u00bb text_text_color=\u00bb#2b2b2b\u00bb text_font_size=\u00bb26px\u00bb text_line_height=\u00bb1.3em\u00bb background_layout=\u00bbdark\u00bb width=\u00bb100%\u00bb module_alignment=\u00bbleft\u00bb custom_margin=\u00bb0px|auto|0px|0px|false|false\u00bb custom_padding=\u00bb|30px|||false|false\u00bb custom_padding_tablet=\u00bb|60px||||\u00bb custom_padding_phone=\u00bb|0px|||false|false\u00bb custom_padding_last_edited=\u00bbon|phone\u00bb hover_enabled=\u00bb0&#8243; text_font_size_tablet=\u00bb22px\u00bb text_font_size_phone=\u00bb20px\u00bb text_font_size_last_edited=\u00bbon|phone\u00bb text_orientation_tablet=\u00bbcenter\u00bb text_orientation_phone=\u00bbcenter\u00bb text_orientation_last_edited=\u00bbon|tablet\u00bb global_colors_info=\u00bb{}\u00bb sticky_enabled=\u00bb0&#8243;]<\/p>\n<p>Entre los artefactos m\u00e1s notables se encuentran <strong>piezas de joyer\u00eda<\/strong>, verdaderas obras <strong>maestras de la artesan\u00eda antigua<\/strong>. Una magn\u00edfica <strong>corona de hojas de mirto <\/strong>y una <strong>colecci\u00f3n de anillos de oro <\/strong>dan testimonio del <strong>alto nivel de habilidad y riqueza de la sociedad<\/strong>\u00a0que habit\u00f3 la zona en la antig\u00fcedad. Estos objetos preciosos ofrecen una cautivadora<strong>\u00a0ventana a la vida cotidiana<\/strong>\u00a0y las <strong>pr\u00e1cticas funerarias <\/strong>de la \u00e9poca. Las <strong>cer\u00e1micas <\/strong>expuestas tambi\u00e9n representan ejemplos notables de la <strong>producci\u00f3n art\u00edstica <\/strong>del per\u00edodo, mostrando<strong>\u00a0t\u00e9cnicas y decoraciones refinadas<\/strong>.<\/p>\n<p>El museo est\u00e1 equipado con un innovador<strong>\u00a0sistema multimedia interactivo<\/strong>\u00a0para hacer la visita a\u00fan m\u00e1s<strong>\u00a0atractiva e informativa<\/strong>. Esta herramienta gu\u00eda a los visitantes en un <strong>viaje de descubrimiento<\/strong>, proporcionando<strong>\u00a0informaci\u00f3n detallada y clara<\/strong>\u00a0que facilita la comprensi\u00f3n<strong>\u00a0incluso para quienes no son expertos en arqueolog\u00eda<\/strong>. La tecnolog\u00eda hace que la experiencia del museo sea m\u00e1s accesible y atractiva.<\/p>\n<p>[\/et_pb_text][\/et_pb_column][et_pb_column type=\u00bb1_2&#8243; _builder_version=\u00bb4.27.4&#8243; _module_preset=\u00bbdefault\u00bb global_colors_info=\u00bb{}\u00bb][et_pb_image src=\u00bbhttps:\/\/museosantifurnari-tripi-abakainon.it\/wp-content\/uploads\/2025\/02\/MG_0810-4-2.jpg\u00bb title_text=\u00bb_MG_0810 4 (2)\u00bb force_fullwidth=\u00bbon\u00bb src_tablet=\u00bbhttps:\/\/museosantifurnari-tripi-abakainon.it\/wp-content\/uploads\/2025\/02\/MG_0810-4-2.jpg\u00bb src_phone=\u00bbhttps:\/\/museosantifurnari-tripi-abakainon.it\/wp-content\/uploads\/2025\/02\/MG_0810-4-2.jpg\u00bb src_last_edited=\u00bbon|phone\u00bb _builder_version=\u00bb4.27.4&#8243; _module_preset=\u00bbdefault\u00bb width_tablet=\u00bb\u00bb width_phone=\u00bb100%\u00bb width_last_edited=\u00bbon|phone\u00bb max_width_tablet=\u00bb\u00bb max_width_phone=\u00bb100%\u00bb max_width_last_edited=\u00bbon|phone\u00bb height=\u00bb580px\u00bb height_tablet=\u00bb600px\u00bb height_phone=\u00bb\u00bb height_last_edited=\u00bbon|desktop\u00bb custom_margin=\u00bb||0px||false|false\u00bb custom_padding=\u00bb|0px|||false|false\u00bb custom_padding_tablet=\u00bb|0px|||false|false\u00bb custom_padding_phone=\u00bb|0px|||false|false\u00bb custom_padding_last_edited=\u00bbon|phone\u00bb global_colors_info=\u00bb{}\u00bb][\/et_pb_image][\/et_pb_column][\/et_pb_row][et_pb_row _builder_version=\u00bb4.27.4&#8243; _module_preset=\u00bbdefault\u00bb width=\u00bb100%\u00bb max_width=\u00bb1320px\u00bb custom_margin=\u00bb0px||0px||false|false\u00bb custom_padding=\u00bb0px||0px||false|false\u00bb global_colors_info=\u00bb{}\u00bb][et_pb_column type=\u00bb4_4&#8243; _builder_version=\u00bb4.27.4&#8243; _module_preset=\u00bbdefault\u00bb global_colors_info=\u00bb{}\u00bb][et_pb_text _builder_version=\u00bb4.27.4&#8243; _module_preset=\u00bbdefault\u00bb text_font=\u00bb|300|||||||\u00bb text_text_color=\u00bb#2b2b2b\u00bb text_font_size=\u00bb26px\u00bb text_line_height=\u00bb1.3em\u00bb background_layout=\u00bbdark\u00bb width=\u00bb100%\u00bb module_alignment=\u00bbleft\u00bb custom_margin=\u00bb0px|auto|0px|0px|false|false\u00bb custom_padding=\u00bb|0px|||false|false\u00bb hover_enabled=\u00bb0&#8243; text_font_size_tablet=\u00bb22px\u00bb text_font_size_phone=\u00bb20px\u00bb text_font_size_last_edited=\u00bbon|phone\u00bb text_orientation_tablet=\u00bbcenter\u00bb text_orientation_phone=\u00bbcenter\u00bb text_orientation_last_edited=\u00bbon|tablet\u00bb global_colors_info=\u00bb{}\u00bb sticky_enabled=\u00bb0&#8243;]<\/p>\n<p>La importancia del <strong>Museo Santi Furnari <\/strong>tambi\u00e9n radica en su estrecha conexi\u00f3n con la historia antigua de la zona. En el municipio de Tripi se encuentran los restos de la antigua <strong>ciudad de Abakainon<\/strong>, un asentamiento cuya historia est\u00e1 entrelazada con la de la antigua Sicilia. El museo, por lo tanto, no se limita a mostrar artefactos, sino que se presenta como punto de partida para<strong>\u00a0un fascinante viaje en el tiempo, para descubrir las ra\u00edces profundas de Tripi y su rico patrimonio hist\u00f3rico y cultural<\/strong>. <br \/>La visita al museo permite recorrer las distintas fases de una comunidad relevante del pasado, enriqueciendo el conocimiento de la <strong>historia de Sicilia<\/strong>.<\/p>\n<p>[\/et_pb_text][\/et_pb_column][\/et_pb_row][\/et_pb_section]<\/p>\n","protected":false},"excerpt":{"rendered":"<p>Furnari de Tripi, situado en este encantador pueblo de la Ciudad Metropolitana de Messina, abre el camino a un fascinante viaje a trav\u00e9s de los siglos. Inaugurado en 2012 gracias a la generosa donaci\u00f3n de la familia Furnari, el museo se encuentra en un elegante palacio del siglo XIX en la Via Francesco Todaro, 152, [&hellip;]<\/p>\n","protected":false},"author":1,"featured_media":0,"parent":0,"menu_order":0,"comment_status":"closed","ping_status":"closed","template":"","meta":{"_et_pb_use_builder":"on","_et_pb_old_content":"","_et_gb_content_width":"","inline_featured_image":false,"footnotes":""},"class_list":["post-649","page","type-page","status-publish","hentry"],"_links":{"self":[{"href":"https:\/\/museosantifurnari-tripi-abakainon.it\/es\/wp-json\/wp\/v2\/pages\/649","targetHints":{"allow":["GET"]}}],"collection":[{"href":"https:\/\/museosantifurnari-tripi-abakainon.it\/es\/wp-json\/wp\/v2\/pages"}],"about":[{"href":"https:\/\/museosantifurnari-tripi-abakainon.it\/es\/wp-json\/wp\/v2\/types\/page"}],"author":[{"embeddable":true,"href":"https:\/\/museosantifurnari-tripi-abakainon.it\/es\/wp-json\/wp\/v2\/users\/1"}],"replies":[{"embeddable":true,"href":"https:\/\/museosantifurnari-tripi-abakainon.it\/es\/wp-json\/wp\/v2\/comments?post=649"}],"version-history":[{"count":3,"href":"https:\/\/museosantifurnari-tripi-abakainon.it\/es\/wp-json\/wp\/v2\/pages\/649\/revisions"}],"predecessor-version":[{"id":751,"href":"https:\/\/museosantifurnari-tripi-abakainon.it\/es\/wp-json\/wp\/v2\/pages\/649\/revisions\/751"}],"wp:attachment":[{"href":"https:\/\/museosantifurnari-tripi-abakainon.it\/es\/wp-json\/wp\/v2\/media?parent=649"}],"curies":[{"name":"wp","href":"https:\/\/api.w.org\/{rel}","templated":true}]}}