{"id":688,"date":"2025-02-11T09:14:53","date_gmt":"2025-02-11T09:14:53","guid":{"rendered":"https:\/\/museosantifurnari.wt-tech.it\/discovering-abakainon\/"},"modified":"2025-02-18T12:14:18","modified_gmt":"2025-02-18T12:14:18","slug":"discovering-abakainon","status":"publish","type":"page","link":"https:\/\/museosantifurnari-tripi-abakainon.it\/de\/discovering-abakainon\/","title":{"rendered":"DISCOVERING ABAKAINON"},"content":{"rendered":"<p>[et_pb_section fb_built=&#8220;1&#8243; custom_padding_last_edited=&#8220;on|phone&#8220; module_class=&#8220;hero-blk other&#8220; _builder_version=&#8220;4.27.4&#8243; _module_preset=&#8220;default&#8220; background_image=&#8220;https:\/\/museosantifurnari-tripi-abakainon.it\/wp-content\/uploads\/2025\/02\/Mask-group-2-1.jpg&#8220; max_width=&#8220;1800px&#8220; custom_margin=&#8220;|auto||auto|false|false&#8220; custom_padding=&#8220;180px||180px||false|false&#8220; custom_padding_tablet=&#8220;100px|0px|100px|0px|false|false&#8220; custom_padding_phone=&#8220;50px||50px||false|false&#8220; global_colors_info=&#8220;{}&#8220;][et_pb_row _builder_version=&#8220;4.27.4&#8243; _module_preset=&#8220;default&#8220; width=&#8220;100%&#8220; max_width=&#8220;1274px&#8220; custom_margin=&#8220;|auto||auto|false|false&#8220; custom_padding=&#8220;|20px||20px|false|false&#8220; global_colors_info=&#8220;{}&#8220;][et_pb_column type=&#8220;4_4&#8243; _builder_version=&#8220;4.27.4&#8243; _module_preset=&#8220;default&#8220; global_colors_info=&#8220;{}&#8220;][et_pb_heading title=&#8220;AUF DEN SPUREN VON ABAKAINON&#8220; _builder_version=&#8220;4.27.4&#8243; _module_preset=&#8220;default&#8220; title_font=&#8220;Poppins|700|||||||&#8220; title_text_align=&#8220;center&#8220; title_text_color=&#8220;#FFFFFF&#8220; title_font_size=&#8220;70px&#8220; width=&#8220;100%&#8220; width_tablet=&#8220;100%&#8220; width_phone=&#8220;100%&#8220; width_last_edited=&#8220;on|phone&#8220; max_width=&#8220;100%&#8220; custom_margin=&#8220;-10px||-10px||true|false&#8220; custom_padding=&#8220;|0px||||&#8220; hover_enabled=&#8220;0&#8243; title_font_size_tablet=&#8220;50px&#8220; title_font_size_phone=&#8220;32px&#8220; title_font_size_last_edited=&#8220;on|tablet&#8220; global_colors_info=&#8220;{}&#8220; sticky_enabled=&#8220;0&#8243;][\/et_pb_heading][\/et_pb_column][\/et_pb_row][\/et_pb_section][et_pb_section fb_built=&#8220;1&#8243; custom_padding_last_edited=&#8220;on|tablet&#8220; _builder_version=&#8220;4.27.4&#8243; _module_preset=&#8220;default&#8220; max_width=&#8220;1800px&#8220; custom_margin=&#8220;|auto||auto|false|false&#8220; custom_padding=&#8220;70px|20px|70px|20px|false|false&#8220; custom_padding_tablet=&#8220;60px|20px|60px|20px|false|false&#8220; custom_padding_phone=&#8220;50px||50px||false|false&#8220; global_colors_info=&#8220;{}&#8220;][et_pb_row column_structure=&#8220;1_2,1_2&#8243; module_class=&#8220;align-center&#8220; _builder_version=&#8220;4.27.4&#8243; _module_preset=&#8220;default&#8220; width=&#8220;100%&#8220; max_width=&#8220;1320px&#8220; custom_margin=&#8220;|auto|70px|auto|false|false&#8220; custom_margin_tablet=&#8220;|auto|70px|auto|false|false&#8220; custom_margin_phone=&#8220;|auto|40px|auto|false|false&#8220; custom_margin_last_edited=&#8220;on|phone&#8220; custom_padding=&#8220;0px||0px||false|false&#8220; global_colors_info=&#8220;{}&#8220;][et_pb_column type=&#8220;1_2&#8243; _builder_version=&#8220;4.27.4&#8243; _module_preset=&#8220;default&#8220; global_colors_info=&#8220;{}&#8220;][et_pb_image src=&#8220;https:\/\/museosantifurnari-tripi-abakainon.it\/wp-content\/uploads\/2025\/02\/01-1.jpg&#8220; title_text=&#8220;01 (1)&#8220; force_fullwidth=&#8220;on&#8220; src_tablet=&#8220;https:\/\/museosantifurnari-tripi-abakainon.it\/wp-content\/uploads\/2025\/02\/MG_0810-3.jpg&#8220; src_phone=&#8220;https:\/\/museosantifurnari-tripi-abakainon.it\/wp-content\/uploads\/2025\/02\/MG_0810-3.jpg&#8220; src_last_edited=&#8220;on|phone&#8220; _builder_version=&#8220;4.27.4&#8243; _module_preset=&#8220;default&#8220; width_tablet=&#8220;&#8220; width_phone=&#8220;100%&#8220; width_last_edited=&#8220;on|phone&#8220; max_width_tablet=&#8220;&#8220; max_width_phone=&#8220;100%&#8220; max_width_last_edited=&#8220;on|phone&#8220; height=&#8220;519px&#8220; height_tablet=&#8220;600px&#8220; height_phone=&#8220;&#8220; height_last_edited=&#8220;on|desktop&#8220; custom_margin=&#8220;||0px||false|false&#8220; custom_padding=&#8220;|0px|||false|false&#8220; custom_padding_tablet=&#8220;|0px|||false|false&#8220; custom_padding_phone=&#8220;|0px|||false|false&#8220; custom_padding_last_edited=&#8220;on|phone&#8220; global_colors_info=&#8220;{}&#8220;][\/et_pb_image][\/et_pb_column][et_pb_column type=&#8220;1_2&#8243; _builder_version=&#8220;4.27.4&#8243; _module_preset=&#8220;default&#8220; global_colors_info=&#8220;{}&#8220;][et_pb_heading title=&#8220;AUF DEN SPUREN VON ABAKAINON&#8220; _builder_version=&#8220;4.27.4&#8243; _module_preset=&#8220;default&#8220; title_level=&#8220;h2&#8243; title_font=&#8220;Poppins|600|||||||&#8220; title_text_color=&#8220;#2b2b2b&#8220; title_font_size=&#8220;50px&#8220; width=&#8220;100%&#8220; width_tablet=&#8220;100%&#8220; width_phone=&#8220;100%&#8220; width_last_edited=&#8220;on|phone&#8220; max_width_tablet=&#8220;&#8220; max_width_phone=&#8220;100%&#8220; max_width_last_edited=&#8220;on|phone&#8220; custom_margin=&#8220;0px||20px||false|false&#8220; custom_padding=&#8220;|0px||||&#8220; hover_enabled=&#8220;0&#8243; title_text_align_tablet=&#8220;center&#8220; title_text_align_phone=&#8220;center&#8220; title_text_align_last_edited=&#8220;on|tablet&#8220; title_font_size_tablet=&#8220;35px&#8220; title_font_size_phone=&#8220;32px&#8220; title_font_size_last_edited=&#8220;on|phone&#8220; global_colors_info=&#8220;{}&#8220; sticky_enabled=&#8220;0&#8243;][\/et_pb_heading][et_pb_text _builder_version=&#8220;4.27.4&#8243; _module_preset=&#8220;default&#8220; text_font=&#8220;|300|||||||&#8220; text_text_color=&#8220;#2b2b2b&#8220; text_font_size=&#8220;26px&#8220; text_line_height=&#8220;1.3em&#8220; background_layout=&#8220;dark&#8220; width=&#8220;100%&#8220; module_alignment=&#8220;left&#8220; custom_margin=&#8220;0px|auto|0px|0px|false|false&#8220; custom_padding=&#8220;|34px||||&#8220; custom_padding_tablet=&#8220;|0px|||false|false&#8220; custom_padding_phone=&#8220;|0px|||false|false&#8220; custom_padding_last_edited=&#8220;on|phone&#8220; hover_enabled=&#8220;0&#8243; text_font_size_tablet=&#8220;22px&#8220; text_font_size_phone=&#8220;20px&#8220; text_font_size_last_edited=&#8220;on|phone&#8220; text_orientation_tablet=&#8220;center&#8220; text_orientation_phone=&#8220;center&#8220; text_orientation_last_edited=&#8220;on|tablet&#8220; global_colors_info=&#8220;{}&#8220; sticky_enabled=&#8220;0&#8243;]<\/p>\n<p>Eingebettet zwischen den <strong>Fl\u00fcssen Tellarita und Mazzarr\u00e0<\/strong>, auf dem nord\u00f6stlichen R\u00fccken der ersten <strong>Nebrodi-H\u00fcge<\/strong>l, die die K\u00fcste zwischen <strong>Milazzo und Tindari<\/strong>\u00a0\u00fcberragen, liegt das <strong>antike Abakainon<\/strong>, heute Teil des Territoriums von <strong>Tripi<\/strong>.<\/p>\n<p>Die Geschichte von Tripi ist eng mit Abakainon verbunden, der antiken sizilianischen Stadt, deren Ursprung bis in das <strong>Stentinello-Neolithikum<\/strong>\u00a0(6800-6400 v. Chr.) zur\u00fcckreicht, wie arch\u00e4ologische Funde im Gebiet belegen. \u00a0Diese <strong>ununterbrochene menschliche Besiedlung<\/strong>\u00a0setzt sich in der<strong>\u00a0protohistorischen Periode <\/strong>fort, als die Gegend von den <strong>Sikulern <\/strong>bewohnt wurde, die hier den <strong>ersten Siedlungskern <\/strong>gr\u00fcndeten und damit den Grundstein f\u00fcr die zuk\u00fcnftige Entwicklung der Stadt legten.<\/p>\n<p>[\/et_pb_text][\/et_pb_column][\/et_pb_row][et_pb_row custom_padding_last_edited=&#8220;on|tablet&#8220; _builder_version=&#8220;4.27.4&#8243; _module_preset=&#8220;default&#8220; width=&#8220;100%&#8220; max_width=&#8220;1320px&#8220; custom_margin=&#8220;0px|auto||auto|false|false&#8220; custom_padding=&#8220;0px||60px||false|false&#8220; custom_padding_tablet=&#8220;0px||40px||false|false&#8220; custom_padding_phone=&#8220;0px||40px||false|false&#8220; global_colors_info=&#8220;{}&#8220;][et_pb_column type=&#8220;4_4&#8243; _builder_version=&#8220;4.27.4&#8243; _module_preset=&#8220;default&#8220; global_colors_info=&#8220;{}&#8220;][et_pb_text _builder_version=&#8220;4.27.4&#8243; _module_preset=&#8220;default&#8220; text_font=&#8220;|600|||||||&#8220; text_text_color=&#8220;#0075bd&#8220; text_font_size=&#8220;35px&#8220; text_line_height=&#8220;1.3em&#8220; background_layout=&#8220;dark&#8220; width=&#8220;100%&#8220; module_alignment=&#8220;left&#8220; custom_margin=&#8220;0px|auto|30px|0px|false|false&#8220; hover_enabled=&#8220;0&#8243; text_font_size_tablet=&#8220;22px&#8220; text_font_size_phone=&#8220;20px&#8220; text_font_size_last_edited=&#8220;on|phone&#8220; text_orientation_tablet=&#8220;center&#8220; text_orientation_phone=&#8220;center&#8220; text_orientation_last_edited=&#8220;on|tablet&#8220; global_colors_info=&#8220;{}&#8220; sticky_enabled=&#8220;0&#8243;]<\/p>\n<p>Obwohl historische Quellen bereits <strong>1558<\/strong>\u00a0von einer <strong>gro\u00dfen Stadt<\/strong>\u00a0in diesem Gebiet berichten<\/p>\n<p>[\/et_pb_text][et_pb_text _builder_version=&#8220;4.27.4&#8243; _module_preset=&#8220;default&#8220; text_font=&#8220;|300|||||||&#8220; text_text_color=&#8220;#2b2b2b&#8220; text_font_size=&#8220;26px&#8220; text_line_height=&#8220;1.3em&#8220; background_layout=&#8220;dark&#8220; width=&#8220;100%&#8220; module_alignment=&#8220;left&#8220; custom_margin=&#8220;0px|auto|0px|0px|false|false&#8220; hover_enabled=&#8220;0&#8243; text_font_size_tablet=&#8220;22px&#8220; text_font_size_phone=&#8220;20px&#8220; text_font_size_last_edited=&#8220;on|phone&#8220; text_orientation_tablet=&#8220;center&#8220; text_orientation_phone=&#8220;center&#8220; text_orientation_last_edited=&#8220;on|tablet&#8220; global_colors_info=&#8220;{}&#8220; sticky_enabled=&#8220;0&#8243;]<\/p>\n<p><strong>wurde die Identifizierung Tripis mit Abakainon<\/strong>, das von Diodoros von Sizilien erw\u00e4hnt wird, <strong>erst 1604 von Bonfiglio vorgeschlagen<\/strong>\u00a0und <strong>1886 <\/strong>durch den Fund von M\u00fcnzen mit der <strong>Aufschrift &#8222;Abakainon&#8220; durch Salinas best\u00e4tigt<\/strong>.\u00a0<\/p>\n<p><strong>Bereits ab dem 6. Jahrhundert v. Chr. erlebte Abakainon eine bedeutende Entwicklung <\/strong>dank seiner strategischen Lage an einer wichtigen K\u00fcstenstra\u00dfe und der landwirtschaftlichen und pastoralen Lebensweise der einheimischen Bev\u00f6lkerung.<\/p>\n<p>[\/et_pb_text][\/et_pb_column][\/et_pb_row][et_pb_row column_structure=&#8220;1_2,1_2&#8243; module_class=&#8220;align-center&#8220; _builder_version=&#8220;4.27.4&#8243; _module_preset=&#8220;default&#8220; width=&#8220;100%&#8220; max_width=&#8220;1320px&#8220; custom_margin=&#8220;0px||0px||false|false&#8220; custom_padding=&#8220;0px||0px||false|false&#8220; global_colors_info=&#8220;{}&#8220;][et_pb_column type=&#8220;1_2&#8243; _builder_version=&#8220;4.27.4&#8243; _module_preset=&#8220;default&#8220; global_colors_info=&#8220;{}&#8220;][et_pb_text _builder_version=&#8220;4.27.4&#8243; _module_preset=&#8220;default&#8220; text_font=&#8220;|300|||||||&#8220; text_text_color=&#8220;#2b2b2b&#8220; text_font_size=&#8220;26px&#8220; text_line_height=&#8220;1.3em&#8220; background_layout=&#8220;dark&#8220; width=&#8220;100%&#8220; module_alignment=&#8220;left&#8220; custom_margin=&#8220;0px|auto|0px|0px|false|false&#8220; custom_padding=&#8220;|45px|||false|false&#8220; custom_padding_tablet=&#8220;|0px|||false|false&#8220; custom_padding_phone=&#8220;|0px|||false|false&#8220; custom_padding_last_edited=&#8220;on|phone&#8220; hover_enabled=&#8220;0&#8243; text_font_size_tablet=&#8220;22px&#8220; text_font_size_phone=&#8220;20px&#8220; text_font_size_last_edited=&#8220;on|phone&#8220; text_orientation_tablet=&#8220;center&#8220; text_orientation_phone=&#8220;center&#8220; text_orientation_last_edited=&#8220;on|tablet&#8220; global_colors_info=&#8220;{}&#8220; sticky_enabled=&#8220;0&#8243;]<\/p>\n<p>Auch wenn die historischen Quellen Abakainon nicht explizit im Zusammenhang mit dem <strong>sizilischen Aufstand unter Ducetius (461 v. Chr.) <\/strong>erw\u00e4hnen, deutet die Pr\u00e4gung von Silberm\u00fcnzen auf eine m\u00f6gliche Beteiligung an dessen milit\u00e4rischer Koalition hin.<\/p>\n<p><strong>Im 4. Jahrhundert v. Chr. war Abakainon in die Ereignisse um Dionysios I. von Syrakus verwickelt<\/strong>: 396 v. Chr. entriss der syrakusanische Tyrann der Stadt einen Teil ihres Territoriums. \u00a0<strong>393 v. Chr<\/strong>. erlitt die Stadt, die sich mit den <strong>Karthagern unter Magon<\/strong>\u00a0verb\u00fcndete, eine Niederlage, die sie unter die <strong>harte Herrschaft Syrakus brachte<\/strong>. Sp\u00e4ter lie\u00df Agathokles dort vierzig politische Gegner hinrichten.<\/p>\n<p><strong>262 v. Chr. von den R\u00f6mern besetzt und in Abacaenum umbenannt,<\/strong>\u00a0unterst\u00fctzte Abakainon w\u00e4hrend des<strong>\u00a0B\u00fcrgerkriegs zwischen Octavian und Sextus Pompeius <\/strong>beide Seiten und wurde anschlie\u00dfend daf\u00fcr bestraft, was <strong>zu seiner Zerst\u00f6rung f\u00fchrte<\/strong>. Nach einer Phase des Niedergangs scheint die Stadt <strong>im Mittelalter wieder aufgebl\u00fcht zu sein<\/strong>.<\/p>\n<p>[\/et_pb_text][\/et_pb_column][et_pb_column type=&#8220;1_2&#8243; _builder_version=&#8220;4.27.4&#8243; _module_preset=&#8220;default&#8220; global_colors_info=&#8220;{}&#8220;][et_pb_image src=&#8220;https:\/\/museosantifurnari-tripi-abakainon.it\/wp-content\/uploads\/2025\/02\/MG_0810-5.jpg&#8220; title_text=&#8220;_MG_0810 5&#8243; force_fullwidth=&#8220;on&#8220; _builder_version=&#8220;4.27.4&#8243; _module_preset=&#8220;default&#8220; height=&#8220;690px&#8220; global_colors_info=&#8220;{}&#8220;][\/et_pb_image][\/et_pb_column][\/et_pb_row][et_pb_row custom_padding_last_edited=&#8220;on|tablet&#8220; _builder_version=&#8220;4.27.4&#8243; _module_preset=&#8220;default&#8220; width=&#8220;100%&#8220; max_width=&#8220;1320px&#8220; custom_margin=&#8220;0px|auto||auto|false|false&#8220; custom_padding=&#8220;70px||0px||false|false&#8220; custom_padding_tablet=&#8220;50px||0px||false|false&#8220; custom_padding_phone=&#8220;50px||0px||false|false&#8220; global_colors_info=&#8220;{}&#8220;][et_pb_column type=&#8220;4_4&#8243; _builder_version=&#8220;4.27.4&#8243; _module_preset=&#8220;default&#8220; global_colors_info=&#8220;{}&#8220;][et_pb_heading title=&#8220;ZUSAMMENFASSEND L\u00c4SST SICH SAGEN&#8220; _builder_version=&#8220;4.27.4&#8243; _module_preset=&#8220;default&#8220; title_level=&#8220;h2&#8243; title_font=&#8220;|600|||||||&#8220; title_text_align=&#8220;center&#8220; title_text_color=&#8220;#2b2b2b&#8220; title_font_size=&#8220;50px&#8220; width=&#8220;100%&#8220; width_tablet=&#8220;100%&#8220; width_phone=&#8220;100%&#8220; width_last_edited=&#8220;on|phone&#8220; max_width_tablet=&#8220;&#8220; max_width_phone=&#8220;100%&#8220; max_width_last_edited=&#8220;on|phone&#8220; custom_margin=&#8220;0px||11px||false|false&#8220; custom_padding=&#8220;|0px|0px|||&#8220; hover_enabled=&#8220;0&#8243; title_text_align_tablet=&#8220;center&#8220; title_text_align_phone=&#8220;center&#8220; title_text_align_last_edited=&#8220;on|tablet&#8220; title_font_size_tablet=&#8220;35px&#8220; title_font_size_phone=&#8220;32px&#8220; title_font_size_last_edited=&#8220;on|phone&#8220; global_colors_info=&#8220;{}&#8220; custom_margin__hover_enabled=&#8220;off|desktop&#8220; sticky_enabled=&#8220;0&#8243;][\/et_pb_heading][et_pb_text _builder_version=&#8220;4.27.4&#8243; _module_preset=&#8220;default&#8220; text_font=&#8220;|300|||||||&#8220; text_text_color=&#8220;#2b2b2b&#8220; text_font_size=&#8220;26px&#8220; text_line_height=&#8220;1.3em&#8220; text_orientation=&#8220;center&#8220; background_layout=&#8220;dark&#8220; width=&#8220;100%&#8220; module_alignment=&#8220;left&#8220; custom_margin=&#8220;0px|auto|0px|0px|false|false&#8220; hover_enabled=&#8220;0&#8243; text_font_size_tablet=&#8220;22px&#8220; text_font_size_phone=&#8220;20px&#8220; text_font_size_last_edited=&#8220;on|phone&#8220; text_orientation_tablet=&#8220;center&#8220; text_orientation_phone=&#8220;center&#8220; text_orientation_last_edited=&#8220;on|tablet&#8220; global_colors_info=&#8220;{}&#8220; sticky_enabled=&#8220;0&#8243;]<\/p>\n<p>Tripi-Abakainon ist ein Ort von au\u00dfergew\u00f6hnlichem historischem Wert, der eine ununterbrochene menschliche Besiedlung vom Neolithikum bis in die r\u00f6mische Zeit bezeugt und eine bedeutende Rolle in der politischen und milit\u00e4rischen Geschichte Siziliens spielte. \u00a0Die Ruinen im Gebiet von Tripi bewahren bis heute die Geheimnisse einer faszinierenden Vergangenheit, die immer wieder aufs Neue \u00fcberrascht.<\/p>\n<p>[\/et_pb_text][\/et_pb_column][\/et_pb_row][\/et_pb_section]<\/p>\n","protected":false},"excerpt":{"rendered":"<p>Eingebettet zwischen den Fl\u00fcssen Tellarita und Mazzarr\u00e0, auf dem nord\u00f6stlichen R\u00fccken der ersten Nebrodi-H\u00fcgel, die die K\u00fcste zwischen Milazzo und Tindari\u00a0\u00fcberragen, liegt das antike Abakainon, heute Teil des Territoriums von Tripi. Die Geschichte von Tripi ist eng mit Abakainon verbunden, der antiken sizilianischen Stadt, deren Ursprung bis in das Stentinello-Neolithikum\u00a0(6800-6400 v. Chr.) zur\u00fcckreicht, wie arch\u00e4ologische [&hellip;]<\/p>\n","protected":false},"author":1,"featured_media":0,"parent":0,"menu_order":0,"comment_status":"closed","ping_status":"closed","template":"","meta":{"_et_pb_use_builder":"on","_et_pb_old_content":"","_et_gb_content_width":"","inline_featured_image":false,"footnotes":""},"class_list":["post-688","page","type-page","status-publish","hentry"],"_links":{"self":[{"href":"https:\/\/museosantifurnari-tripi-abakainon.it\/de\/wp-json\/wp\/v2\/pages\/688","targetHints":{"allow":["GET"]}}],"collection":[{"href":"https:\/\/museosantifurnari-tripi-abakainon.it\/de\/wp-json\/wp\/v2\/pages"}],"about":[{"href":"https:\/\/museosantifurnari-tripi-abakainon.it\/de\/wp-json\/wp\/v2\/types\/page"}],"author":[{"embeddable":true,"href":"https:\/\/museosantifurnari-tripi-abakainon.it\/de\/wp-json\/wp\/v2\/users\/1"}],"replies":[{"embeddable":true,"href":"https:\/\/museosantifurnari-tripi-abakainon.it\/de\/wp-json\/wp\/v2\/comments?post=688"}],"version-history":[{"count":4,"href":"https:\/\/museosantifurnari-tripi-abakainon.it\/de\/wp-json\/wp\/v2\/pages\/688\/revisions"}],"predecessor-version":[{"id":743,"href":"https:\/\/museosantifurnari-tripi-abakainon.it\/de\/wp-json\/wp\/v2\/pages\/688\/revisions\/743"}],"wp:attachment":[{"href":"https:\/\/museosantifurnari-tripi-abakainon.it\/de\/wp-json\/wp\/v2\/media?parent=688"}],"curies":[{"name":"wp","href":"https:\/\/api.w.org\/{rel}","templated":true}]}}