{"id":643,"date":"2025-02-11T09:57:38","date_gmt":"2025-02-11T09:57:38","guid":{"rendered":"https:\/\/museosantifurnari.wt-tech.it\/tripi-santi-furnari-museum\/"},"modified":"2025-02-18T12:31:31","modified_gmt":"2025-02-18T12:31:31","slug":"tripi-santi-furnari-museum","status":"publish","type":"page","link":"https:\/\/museosantifurnari-tripi-abakainon.it\/de\/tripi-santi-furnari-museum\/","title":{"rendered":"Tripi Santi Furnari MUSEUM"},"content":{"rendered":"<p>[et_pb_section fb_built=&#8220;1&#8243; custom_padding_last_edited=&#8220;on|phone&#8220; module_class=&#8220;hero-blk other&#8220; _builder_version=&#8220;4.27.4&#8243; _module_preset=&#8220;default&#8220; background_image=&#8220;https:\/\/museosantifurnari-tripi-abakainon.it\/wp-content\/uploads\/2025\/02\/Mask-group-8.jpg&#8220; max_width=&#8220;1800px&#8220; custom_margin=&#8220;|auto||auto|false|false&#8220; custom_padding=&#8220;180px||180px||false|false&#8220; custom_padding_tablet=&#8220;100px|0px|100px|0px|false|false&#8220; custom_padding_phone=&#8220;50px||50px||false|false&#8220; global_colors_info=&#8220;{}&#8220;][et_pb_row _builder_version=&#8220;4.27.4&#8243; _module_preset=&#8220;default&#8220; width=&#8220;100%&#8220; max_width=&#8220;1274px&#8220; custom_margin=&#8220;|auto||auto|false|false&#8220; custom_padding=&#8220;|20px||20px|false|false&#8220; global_colors_info=&#8220;{}&#8220;][et_pb_column type=&#8220;4_4&#8243; _builder_version=&#8220;4.27.4&#8243; _module_preset=&#8220;default&#8220; global_colors_info=&#8220;{}&#8220;][et_pb_heading title=&#8220;TRIPI: MUSEUM SANTI FURNARI&#8220; _builder_version=&#8220;4.27.4&#8243; _module_preset=&#8220;default&#8220; title_font=&#8220;Poppins|700|||||||&#8220; title_text_align=&#8220;center&#8220; title_text_color=&#8220;#FFFFFF&#8220; title_font_size=&#8220;70px&#8220; width=&#8220;100%&#8220; width_tablet=&#8220;100%&#8220; width_phone=&#8220;100%&#8220; width_last_edited=&#8220;on|phone&#8220; max_width=&#8220;100%&#8220; custom_margin=&#8220;-10px||-10px||true|false&#8220; custom_padding=&#8220;|0px||||&#8220; hover_enabled=&#8220;0&#8243; title_font_size_tablet=&#8220;50px&#8220; title_font_size_phone=&#8220;32px&#8220; title_font_size_last_edited=&#8220;on|tablet&#8220; global_colors_info=&#8220;{}&#8220; sticky_enabled=&#8220;0&#8243;][\/et_pb_heading][\/et_pb_column][\/et_pb_row][\/et_pb_section][et_pb_section fb_built=&#8220;1&#8243; custom_padding_last_edited=&#8220;on|tablet&#8220; _builder_version=&#8220;4.27.4&#8243; _module_preset=&#8220;default&#8220; max_width=&#8220;1800px&#8220; custom_margin=&#8220;|auto||auto|false|false&#8220; custom_padding=&#8220;70px|20px|70px|20px|false|false&#8220; custom_padding_tablet=&#8220;60px|20px|60px|20px|false|false&#8220; custom_padding_phone=&#8220;50px||50px||false|false&#8220; global_colors_info=&#8220;{}&#8220;][et_pb_row column_structure=&#8220;1_2,1_2&#8243; module_class=&#8220;align-center&#8220; _builder_version=&#8220;4.27.4&#8243; _module_preset=&#8220;default&#8220; width=&#8220;100%&#8220; max_width=&#8220;1320px&#8220; custom_margin=&#8220;|auto|70px|auto|false|false&#8220; custom_margin_tablet=&#8220;|auto|70px|auto|false|false&#8220; custom_margin_phone=&#8220;||30px||false|false&#8220; custom_margin_last_edited=&#8220;on|phone&#8220; custom_padding=&#8220;0px||0px||false|false&#8220; global_colors_info=&#8220;{}&#8220;][et_pb_column type=&#8220;1_2&#8243; _builder_version=&#8220;4.27.4&#8243; _module_preset=&#8220;default&#8220; global_colors_info=&#8220;{}&#8220;][et_pb_image src=&#8220;https:\/\/museosantifurnari-tripi-abakainon.it\/wp-content\/uploads\/2025\/02\/01-1.jpg&#8220; title_text=&#8220;01 (1)&#8220; force_fullwidth=&#8220;on&#8220; src_tablet=&#8220;https:\/\/museosantifurnari-tripi-abakainon.it\/wp-content\/uploads\/2025\/02\/01-1.jpg&#8220; src_phone=&#8220;https:\/\/museosantifurnari-tripi-abakainon.it\/wp-content\/uploads\/2025\/02\/01-1.jpg&#8220; src_last_edited=&#8220;on|phone&#8220; _builder_version=&#8220;4.27.4&#8243; _module_preset=&#8220;default&#8220; width_tablet=&#8220;&#8220; width_phone=&#8220;100%&#8220; width_last_edited=&#8220;on|phone&#8220; max_width_tablet=&#8220;&#8220; max_width_phone=&#8220;100%&#8220; max_width_last_edited=&#8220;on|phone&#8220; height=&#8220;500px&#8220; height_tablet=&#8220;&#8220; height_phone=&#8220;&#8220; height_last_edited=&#8220;on|desktop&#8220; custom_margin=&#8220;||0px||false|false&#8220; custom_padding=&#8220;|0px|||false|false&#8220; custom_padding_tablet=&#8220;|0px|||false|false&#8220; custom_padding_phone=&#8220;|0px|||false|false&#8220; custom_padding_last_edited=&#8220;on|phone&#8220; global_colors_info=&#8220;{}&#8220;][\/et_pb_image][\/et_pb_column][et_pb_column type=&#8220;1_2&#8243; _builder_version=&#8220;4.27.4&#8243; _module_preset=&#8220;default&#8220; global_colors_info=&#8220;{}&#8220;][et_pb_heading title=&#8220;Das Arch\u00e4ologische Museum Santi&#8220; _builder_version=&#8220;4.27.4&#8243; _module_preset=&#8220;default&#8220; title_level=&#8220;h2&#8243; title_font=&#8220;Poppins|600|||||||&#8220; title_text_color=&#8220;#2b2b2b&#8220; title_font_size=&#8220;50px&#8220; width=&#8220;88%&#8220; width_tablet=&#8220;100%&#8220; width_phone=&#8220;100%&#8220; width_last_edited=&#8220;on|phone&#8220; max_width_tablet=&#8220;&#8220; max_width_phone=&#8220;100%&#8220; max_width_last_edited=&#8220;on|phone&#8220; custom_margin=&#8220;0px||20px||false|false&#8220; custom_margin_tablet=&#8220;0px||20px||false|false&#8220; custom_margin_phone=&#8220;0px||0px||false|false&#8220; custom_margin_last_edited=&#8220;on|phone&#8220; custom_padding=&#8220;|0px||||&#8220; hover_enabled=&#8220;0&#8243; title_text_align_tablet=&#8220;center&#8220; title_text_align_phone=&#8220;center&#8220; title_text_align_last_edited=&#8220;on|tablet&#8220; title_font_size_tablet=&#8220;35px&#8220; title_font_size_phone=&#8220;28px&#8220; title_font_size_last_edited=&#8220;on|phone&#8220; global_colors_info=&#8220;{}&#8220; sticky_enabled=&#8220;0&#8243;][\/et_pb_heading][et_pb_text _builder_version=&#8220;4.27.4&#8243; _module_preset=&#8220;default&#8220; text_font=&#8220;|300|||||||&#8220; text_text_color=&#8220;#2b2b2b&#8220; text_font_size=&#8220;26px&#8220; text_line_height=&#8220;1.3em&#8220; background_layout=&#8220;dark&#8220; width=&#8220;100%&#8220; module_alignment=&#8220;left&#8220; custom_margin=&#8220;0px|auto|0px|0px|false|false&#8220; custom_padding=&#8220;|44px||||&#8220; custom_padding_tablet=&#8220;|0px|||false|false&#8220; custom_padding_phone=&#8220;|0px|||false|false&#8220; custom_padding_last_edited=&#8220;on|desktop&#8220; hover_enabled=&#8220;0&#8243; text_font_size_tablet=&#8220;22px&#8220; text_font_size_phone=&#8220;20px&#8220; text_font_size_last_edited=&#8220;on|phone&#8220; text_orientation_tablet=&#8220;center&#8220; text_orientation_phone=&#8220;center&#8220; text_orientation_last_edited=&#8220;on|tablet&#8220; global_colors_info=&#8220;{}&#8220; sticky_enabled=&#8220;0&#8243;]<\/p>\n<p><strong>Furnari in Tripi<\/strong>, in einem bezaubernden Dorf in der <strong>Metropolitanstadt Messina<\/strong>\u00a0gelegen, er\u00f6ffnet den Weg zu einer faszinierenden Reise durch die Jahrhunderte.<\/p>\n<p><strong>2012 dank <\/strong>der gro\u00dfz\u00fcgigen Schenkung<strong>\u00a0der Familie Furnari <\/strong>er\u00f6ffnet, <strong>befindet sich<\/strong>\u00a0das Museum in einem <strong>eleganten Palast aus dem 19. Jahrhundert in der Via Francesco Todaro 152<\/strong>\u00a0und bietet ein kulturelles <strong>Erlebnis auf h\u00f6chstem Niveau<\/strong>. Das ehrgeizige Ziel des Museums ist die internationale <strong>F\u00f6rderung des arch\u00e4ologischen Erbes von Tripi und seiner tausendj\u00e4hrigen Geschichte<\/strong>.<\/p>\n<p>[\/et_pb_text][\/et_pb_column][\/et_pb_row][et_pb_row custom_padding_last_edited=&#8220;on|tablet&#8220; _builder_version=&#8220;4.27.4&#8243; _module_preset=&#8220;default&#8220; width=&#8220;100%&#8220; max_width=&#8220;1320px&#8220; custom_margin=&#8220;|auto||auto|false|false&#8220; custom_padding=&#8220;0px||60px||false|false&#8220; custom_padding_tablet=&#8220;0px||40px||false|false&#8220; custom_padding_phone=&#8220;0px||40px||false|false&#8220; global_colors_info=&#8220;{}&#8220;][et_pb_column type=&#8220;4_4&#8243; _builder_version=&#8220;4.27.4&#8243; _module_preset=&#8220;default&#8220; global_colors_info=&#8220;{}&#8220;][et_pb_text _builder_version=&#8220;4.27.4&#8243; _module_preset=&#8220;default&#8220; text_font=&#8220;|300|||||||&#8220; text_text_color=&#8220;#2b2b2b&#8220; text_font_size=&#8220;26px&#8220; text_line_height=&#8220;1.3em&#8220; text_orientation=&#8220;center&#8220; background_layout=&#8220;dark&#8220; width=&#8220;100%&#8220; module_alignment=&#8220;left&#8220; custom_margin=&#8220;0px|auto|0px|0px|false|false&#8220; hover_enabled=&#8220;0&#8243; text_font_size_tablet=&#8220;22px&#8220; text_font_size_phone=&#8220;20px&#8220; text_font_size_last_edited=&#8220;on|phone&#8220; text_orientation_tablet=&#8220;center&#8220; text_orientation_phone=&#8220;center&#8220; text_orientation_last_edited=&#8220;on|tablet&#8220; global_colors_info=&#8220;{}&#8220; sticky_enabled=&#8220;0&#8243;]<\/p>\n<p>Neben den <strong>eindrucksvollen Ausstellungsr\u00e4umen<\/strong>\u00a0beherbergt das Museum ein modernes <strong>Multimediazentrum<\/strong>, einen multifunktionalen Raum f\u00fcr<strong>\u00a0Wechselausstellungen, Konferenzen, Treffen und Pr\u00e4sentationen<\/strong>, die das <strong>kulturelle Angebot<\/strong>\u00a0bereichern. \u00a0Veranstaltungen konzentrieren sich auf die<strong>\u00a0F\u00f6rderung der Region und ihre Geschichte<\/strong>.<\/p>\n<p>[\/et_pb_text][\/et_pb_column][\/et_pb_row][et_pb_row column_structure=&#8220;1_3,1_3,1_3&#8243; custom_padding_last_edited=&#8220;on|phone&#8220; module_class=&#8220;img-boxes&#8220; _builder_version=&#8220;4.27.4&#8243; _module_preset=&#8220;default&#8220; width=&#8220;100%&#8220; max_width=&#8220;1320px&#8220; custom_padding=&#8220;0px||70px||false|false&#8220; custom_padding_tablet=&#8220;0px||70px||false|false&#8220; custom_padding_phone=&#8220;0px||50px||false|false&#8220; global_colors_info=&#8220;{}&#8220;][et_pb_column type=&#8220;1_3&#8243; _builder_version=&#8220;4.27.4&#8243; _module_preset=&#8220;default&#8220; global_colors_info=&#8220;{}&#8220;][et_pb_image src=&#8220;https:\/\/museosantifurnari-tripi-abakainon.it\/wp-content\/uploads\/2025\/02\/MG_0810-2-2.jpg&#8220; title_text=&#8220;_MG_0810 2 (2)&#8220; _builder_version=&#8220;4.27.4&#8243; _module_preset=&#8220;default&#8220; width=&#8220;100%&#8220; custom_margin=&#8220;0px|0px|0px|0px|false|false&#8220; custom_padding=&#8220;0px|0px|0px|0px|false|false&#8220; global_colors_info=&#8220;{}&#8220;][\/et_pb_image][\/et_pb_column][et_pb_column type=&#8220;1_3&#8243; _builder_version=&#8220;4.27.4&#8243; _module_preset=&#8220;default&#8220; global_colors_info=&#8220;{}&#8220;][et_pb_image src=&#8220;https:\/\/museosantifurnari-tripi-abakainon.it\/wp-content\/uploads\/2025\/02\/MG_0810-3-2.jpg&#8220; title_text=&#8220;_MG_0810 3 (2)&#8220; _builder_version=&#8220;4.27.4&#8243; _module_preset=&#8220;default&#8220; width=&#8220;100%&#8220; custom_margin=&#8220;0px|0px|0px|0px|false|false&#8220; custom_padding=&#8220;0px|0px|0px|0px|false|false&#8220; global_colors_info=&#8220;{}&#8220;][\/et_pb_image][\/et_pb_column][et_pb_column type=&#8220;1_3&#8243; _builder_version=&#8220;4.27.4&#8243; _module_preset=&#8220;default&#8220; global_colors_info=&#8220;{}&#8220;][et_pb_image src=&#8220;https:\/\/museosantifurnari-tripi-abakainon.it\/wp-content\/uploads\/2025\/02\/MG_0810-4-1.jpg&#8220; title_text=&#8220;_MG_0810 4 (1)&#8220; _builder_version=&#8220;4.27.4&#8243; _module_preset=&#8220;default&#8220; width=&#8220;100%&#8220; custom_margin=&#8220;0px|0px|0px|0px|false|false&#8220; custom_padding=&#8220;0px|0px|0px|0px|false|false&#8220; global_colors_info=&#8220;{}&#8220;][\/et_pb_image][\/et_pb_column][\/et_pb_row][et_pb_row _builder_version=&#8220;4.27.4&#8243; _module_preset=&#8220;default&#8220; width=&#8220;100%&#8220; max_width=&#8220;1320px&#8220; custom_margin=&#8220;0px||0px||false|false&#8220; custom_padding=&#8220;0px||0px||false|false&#8220; global_colors_info=&#8220;{}&#8220;][et_pb_column type=&#8220;4_4&#8243; _builder_version=&#8220;4.27.4&#8243; _module_preset=&#8220;default&#8220; global_colors_info=&#8220;{}&#8220;][et_pb_text _builder_version=&#8220;4.27.4&#8243; _module_preset=&#8220;default&#8220; text_font=&#8220;|300|||||||&#8220; text_text_color=&#8220;#2b2b2b&#8220; text_font_size=&#8220;26px&#8220; text_line_height=&#8220;1.3em&#8220; background_layout=&#8220;dark&#8220; width=&#8220;100%&#8220; module_alignment=&#8220;left&#8220; custom_margin=&#8220;0px|auto|0px|0px|false|false&#8220; custom_padding=&#8220;|0px|||false|false&#8220; hover_enabled=&#8220;0&#8243; text_font_size_tablet=&#8220;22px&#8220; text_font_size_phone=&#8220;20px&#8220; text_font_size_last_edited=&#8220;on|phone&#8220; text_orientation_tablet=&#8220;center&#8220; text_orientation_phone=&#8220;center&#8220; text_orientation_last_edited=&#8220;on|tablet&#8220; global_colors_info=&#8220;{}&#8220; sticky_enabled=&#8220;0&#8243;]<\/p>\n<p>Das Erbe des<strong>\u00a0Museums Santi Furnari<\/strong>\u00a0besteht aus einer sorgf\u00e4ltig ausgew\u00e4hlten Sammlung von Grabbeigaben aus der <strong>Nekropole von Contrada Cardusa<\/strong>, einem <strong>arch\u00e4ologischen Fundort von au\u00dferordentlicher Bedeutung<\/strong>. \u00a0Die \u00fcber <strong>154 ausgegrabenen Gr\u00e4ber<\/strong>\u00a0haben einen wahren <strong>Schatz an Artefakten<\/strong>\u00a0zutage gef\u00f6rdert, die auf <strong>zwei Etagen des Museums in Vitrinen <\/strong>pr\u00e4sentiert werden, welche die <strong>kunstvoll gearbeiteten Keramiken<\/strong>\u00a0und die raffinierte <strong>Goldschmiedekunst hervorheben<\/strong>.<\/p>\n<p>[\/et_pb_text][\/et_pb_column][\/et_pb_row][et_pb_row column_structure=&#8220;1_2,1_2&#8243; module_class=&#8220;align-center&#8220; _builder_version=&#8220;4.27.4&#8243; _module_preset=&#8220;default&#8220; width=&#8220;100%&#8220; max_width=&#8220;1320px&#8220; custom_margin=&#8220;70px|auto|70px|auto|false|false&#8220; custom_margin_tablet=&#8220;70px|auto|70px|auto|false|false&#8220; custom_margin_phone=&#8220;30px|auto|30px|auto|false|false&#8220; custom_margin_last_edited=&#8220;on|phone&#8220; custom_padding=&#8220;0px||0px||false|false&#8220; global_colors_info=&#8220;{}&#8220;][et_pb_column type=&#8220;1_2&#8243; _builder_version=&#8220;4.27.4&#8243; _module_preset=&#8220;default&#8220; global_colors_info=&#8220;{}&#8220;][et_pb_text _builder_version=&#8220;4.27.4&#8243; _module_preset=&#8220;default&#8220; text_font=&#8220;|300|||||||&#8220; text_text_color=&#8220;#2b2b2b&#8220; text_font_size=&#8220;26px&#8220; text_line_height=&#8220;1.3em&#8220; background_layout=&#8220;dark&#8220; width=&#8220;100%&#8220; module_alignment=&#8220;left&#8220; custom_margin=&#8220;0px|auto|0px|0px|false|false&#8220; custom_padding=&#8220;|30px|||false|false&#8220; custom_padding_tablet=&#8220;|60px||||&#8220; custom_padding_phone=&#8220;|0px|||false|false&#8220; custom_padding_last_edited=&#8220;on|phone&#8220; hover_enabled=&#8220;0&#8243; text_font_size_tablet=&#8220;22px&#8220; text_font_size_phone=&#8220;20px&#8220; text_font_size_last_edited=&#8220;on|phone&#8220; text_orientation_tablet=&#8220;center&#8220; text_orientation_phone=&#8220;center&#8220; text_orientation_last_edited=&#8220;on|tablet&#8220; global_colors_info=&#8220;{}&#8220; sticky_enabled=&#8220;0&#8243;]<\/p>\n<p>Zu den bemerkenswertesten Artefakten geh\u00f6ren <strong>Schmuckst\u00fccke<\/strong>, wahre <strong>Meisterwerke <\/strong>antiker<strong>\u00a0Handwerkskunst<\/strong>. Eine pr\u00e4chtiger<strong>\u00a0Myrtenkranz <\/strong>und eine <strong>Sammlung von Goldringen<\/strong>\u00a0zeugen vom hohen <strong>K\u00f6nnen und Reichtum der Gesellschaft<\/strong>, die diese Gegend in der Antike bewohnte. Diese kostbaren Objekte bieten einen faszinierenden Einblick in das <strong>t\u00e4gliche Leben<\/strong>\u00a0und die<strong>\u00a0Bestattung Praktiken<\/strong>\u00a0jener Zeit. Die ausgestellten <strong>Keramiken <\/strong>repr\u00e4sentieren ausserdem bemerkenswerte Beispiele f\u00fcr <strong>die k\u00fcnstlerische Produktion<\/strong>\u00a0der <strong>damaligen Zeit<\/strong>\u00a0und zeigen raffinierte <strong>Techniken und Dekorationen<\/strong>.<\/p>\n<p>Um den Besuch noch ansprechender und informativer zu gestalten, ist das Museum mit einem innovativen<strong>\u00a0interaktiven Multimediasystem<\/strong>\u00a0ausgestattet. Dieses Werkzeug f\u00fchrt die Besucher auf eine <strong>Entdeckungsreise <\/strong>und liefert <strong>detaillierte und klare Informatione<\/strong>n, die <strong>das Verst\u00e4ndnis auch f\u00fcr Arch\u00e4ologie-Laien erleichtern<\/strong>. Die Technologie macht das Museum Erlebnis zug\u00e4nglicher und ansprechender.<\/p>\n<p>[\/et_pb_text][\/et_pb_column][et_pb_column type=&#8220;1_2&#8243; _builder_version=&#8220;4.27.4&#8243; _module_preset=&#8220;default&#8220; global_colors_info=&#8220;{}&#8220;][et_pb_image src=&#8220;https:\/\/museosantifurnari-tripi-abakainon.it\/wp-content\/uploads\/2025\/02\/MG_0810-4-2.jpg&#8220; title_text=&#8220;_MG_0810 4 (2)&#8220; force_fullwidth=&#8220;on&#8220; src_tablet=&#8220;https:\/\/museosantifurnari-tripi-abakainon.it\/wp-content\/uploads\/2025\/02\/MG_0810-4-2.jpg&#8220; src_phone=&#8220;https:\/\/museosantifurnari-tripi-abakainon.it\/wp-content\/uploads\/2025\/02\/MG_0810-4-2.jpg&#8220; src_last_edited=&#8220;on|phone&#8220; _builder_version=&#8220;4.27.4&#8243; _module_preset=&#8220;default&#8220; width_tablet=&#8220;&#8220; width_phone=&#8220;100%&#8220; width_last_edited=&#8220;on|phone&#8220; max_width_tablet=&#8220;&#8220; max_width_phone=&#8220;100%&#8220; max_width_last_edited=&#8220;on|phone&#8220; height=&#8220;580px&#8220; height_tablet=&#8220;600px&#8220; height_phone=&#8220;&#8220; height_last_edited=&#8220;on|desktop&#8220; custom_margin=&#8220;||0px||false|false&#8220; custom_padding=&#8220;|0px|||false|false&#8220; custom_padding_tablet=&#8220;|0px|||false|false&#8220; custom_padding_phone=&#8220;|0px|||false|false&#8220; custom_padding_last_edited=&#8220;on|phone&#8220; global_colors_info=&#8220;{}&#8220;][\/et_pb_image][\/et_pb_column][\/et_pb_row][et_pb_row _builder_version=&#8220;4.27.4&#8243; _module_preset=&#8220;default&#8220; width=&#8220;100%&#8220; max_width=&#8220;1320px&#8220; custom_margin=&#8220;0px||0px||false|false&#8220; custom_padding=&#8220;0px||0px||false|false&#8220; global_colors_info=&#8220;{}&#8220;][et_pb_column type=&#8220;4_4&#8243; _builder_version=&#8220;4.27.4&#8243; _module_preset=&#8220;default&#8220; global_colors_info=&#8220;{}&#8220;][et_pb_text _builder_version=&#8220;4.27.4&#8243; _module_preset=&#8220;default&#8220; text_font=&#8220;|300|||||||&#8220; text_text_color=&#8220;#2b2b2b&#8220; text_font_size=&#8220;26px&#8220; text_line_height=&#8220;1.3em&#8220; background_layout=&#8220;dark&#8220; width=&#8220;100%&#8220; module_alignment=&#8220;left&#8220; custom_margin=&#8220;0px|auto|0px|0px|false|false&#8220; custom_padding=&#8220;|0px|||false|false&#8220; hover_enabled=&#8220;0&#8243; text_font_size_tablet=&#8220;22px&#8220; text_font_size_phone=&#8220;20px&#8220; text_font_size_last_edited=&#8220;on|phone&#8220; text_orientation_tablet=&#8220;center&#8220; text_orientation_phone=&#8220;center&#8220; text_orientation_last_edited=&#8220;on|tablet&#8220; global_colors_info=&#8220;{}&#8220; sticky_enabled=&#8220;0&#8243;]<\/p>\n<p>Die Bedeutung <strong>des Museums Santi Furnari<\/strong>\u00a0liegt auch in seiner engen Verbindung zur antiken Geschichte der Region. In der Gemeinde Tripi befinden sich die \u00dcberreste der antiken Stadt<strong>\u00a0Abakainon<\/strong>, einer Siedlung,<strong>\u00a0<\/strong>deren Geschichte eng mit den antiken Sizilien verwoben ist. Das Museum beschr\u00e4nkt sich daher nicht nur auf die Ausstellung von Artefakten, sondern versteht sich als Ausgangspunkt f\u00fcr eine faszinierende<strong>\u00a0Zeitreise<\/strong>, um die tiefen <strong>Wurzeln von Tripi und sein reiches historisches und kulturelles Erbe zu entdecken<\/strong>. Ein Besuch des Museums erm\u00f6glicht es, die verschiedenen Entwicklungsstufen einer bedeutenden Gemeinschaft der Vergangenheit nachzuvollziehen und das Wissen \u00fcber die <strong>sizilianische Geschichte<\/strong>\u00a0zu vertiefen.<\/p>\n<p>[\/et_pb_text][\/et_pb_column][\/et_pb_row][\/et_pb_section]<\/p>\n","protected":false},"excerpt":{"rendered":"<p>Furnari in Tripi, in einem bezaubernden Dorf in der Metropolitanstadt Messina\u00a0gelegen, er\u00f6ffnet den Weg zu einer faszinierenden Reise durch die Jahrhunderte. 2012 dank der gro\u00dfz\u00fcgigen Schenkung\u00a0der Familie Furnari er\u00f6ffnet, befindet sich\u00a0das Museum in einem eleganten Palast aus dem 19. Jahrhundert in der Via Francesco Todaro 152\u00a0und bietet ein kulturelles Erlebnis auf h\u00f6chstem Niveau. Das ehrgeizige [&hellip;]<\/p>\n","protected":false},"author":1,"featured_media":0,"parent":0,"menu_order":0,"comment_status":"closed","ping_status":"closed","template":"","meta":{"_et_pb_use_builder":"on","_et_pb_old_content":"","_et_gb_content_width":"","inline_featured_image":false,"footnotes":""},"class_list":["post-643","page","type-page","status-publish","hentry"],"_links":{"self":[{"href":"https:\/\/museosantifurnari-tripi-abakainon.it\/de\/wp-json\/wp\/v2\/pages\/643","targetHints":{"allow":["GET"]}}],"collection":[{"href":"https:\/\/museosantifurnari-tripi-abakainon.it\/de\/wp-json\/wp\/v2\/pages"}],"about":[{"href":"https:\/\/museosantifurnari-tripi-abakainon.it\/de\/wp-json\/wp\/v2\/types\/page"}],"author":[{"embeddable":true,"href":"https:\/\/museosantifurnari-tripi-abakainon.it\/de\/wp-json\/wp\/v2\/users\/1"}],"replies":[{"embeddable":true,"href":"https:\/\/museosantifurnari-tripi-abakainon.it\/de\/wp-json\/wp\/v2\/comments?post=643"}],"version-history":[{"count":3,"href":"https:\/\/museosantifurnari-tripi-abakainon.it\/de\/wp-json\/wp\/v2\/pages\/643\/revisions"}],"predecessor-version":[{"id":749,"href":"https:\/\/museosantifurnari-tripi-abakainon.it\/de\/wp-json\/wp\/v2\/pages\/643\/revisions\/749"}],"wp:attachment":[{"href":"https:\/\/museosantifurnari-tripi-abakainon.it\/de\/wp-json\/wp\/v2\/media?parent=643"}],"curies":[{"name":"wp","href":"https:\/\/api.w.org\/{rel}","templated":true}]}}